{"id":40715,"date":"2025-03-06T10:41:12","date_gmt":"2025-03-06T10:41:12","guid":{"rendered":"https:\/\/hookelab.com\/product\/cuvettes-a-circulation-avec-tubes-en-quartz-4-fenetres-30mm-ocb\/"},"modified":"2025-03-06T10:41:12","modified_gmt":"2025-03-06T10:41:12","slug":"cuvettes-a-circulation-avec-tubes-en-quartz-4-fenetres-30mm-ocb","status":"publish","type":"product","link":"https:\/\/hookelab.com\/fr\/produit\/cuvettes-a-circulation-avec-tubes-en-quartz-4-fenetres-30mm-ocb\/","title":{"rendered":"Cuvettes \u00e0 circulation avec tubes en quartz, 4 fen\u00eatres, 30mm, OCB"},"content":{"rendered":"\t\t\t<link rel=\"stylesheet\" id=\"elementor-post-47455-css\" href=\"https:\/\/hookelab.com\/wp-content\/uploads\/elementor\/css\/post-47455.css?ver=1776513750\" type=\"text\/css\" media=\"all\">\r\n\t\t\t\t\t<div data-elementor-type=\"wp-post\" data-elementor-id=\"47455\" class=\"elementor elementor-47455 elementor-30475\">\n\t\t\t\t<div class=\"wd-negative-gap elementor-element elementor-element-212cd0f e-grid e-con-boxed e-con e-parent\" data-id=\"212cd0f\" data-element_type=\"container\" data-e-type=\"container\">\n\t\t\t\t\t<div class=\"e-con-inner\">\n\t\t\t\t<div class=\"elementor-element elementor-element-14dd597 elementor-widget elementor-widget-wd_text_block\" data-id=\"14dd597\" data-element_type=\"widget\" data-e-type=\"widget\" data-widget_type=\"wd_text_block.default\">\n\t\t\t\t<div class=\"elementor-widget-container\">\n\t\t\t\t\t\t\t<div class=\"wd-text-block reset-last-child text-left\">\r\n\t\t\t\r\n\t\t\t<h2>D\u00e9tails<\/h2><ul><li>Mat\u00e9riau : JGS-1 Quartz UV<\/li><li>Volume : 10,5 ml<\/li><li>\u00c9paisseur de la paroi : 1,25 mm<\/li><li>Fen\u00eatres d\u00e9gag\u00e9es : 4 fen\u00eatres<\/li><li>Longueur d'onde de la lumi\u00e8re : 10mm\/30mm double longueur d'onde<\/li><li>Tube de quartz Dia : OD 5mm, ID 3mm<\/li><li>Type d'assemblage : Collage par contact optique (OCB)<\/li><li>Gamme de transmission : 200-2500 nm<\/li><li>Erreur de performance optique de la surface de transmission : \u22640,3%.<\/li><li>Le paquet comprend : 1 pi\u00e8ce\/paquet<\/li><\/ul><p>La cuvette OCB r\u00e9siste aux temp\u00e9ratures \u00e9lev\u00e9es, aux acides et aux alcalis, ainsi qu'aux solvants organiques.<\/p>\r\n\t\t\t\t\t<\/div>\r\n\t\t\t\t\t\t<\/div>\n\t\t\t\t<\/div>\n\t\t\t\t<div class=\"elementor-element elementor-element-67cc5cc elementor-widget elementor-widget-wd_image_or_svg\" data-id=\"67cc5cc\" data-element_type=\"widget\" data-e-type=\"widget\" data-widget_type=\"wd_image_or_svg.default\">\n\t\t\t\t<div class=\"elementor-widget-container\">\n\t\t\t\t\t\r\n\t\t<div class=\"wd-image text-left\">\r\n\t\t\t\t\t\t\t\t<img fetchpriority=\"high\" decoding=\"async\" width=\"746\" height=\"853\" src=\"https:\/\/hookelab.com\/wp-content\/uploads\/2025\/03\/Flow-through-Cuvettes-with-Quartz-Tubes-4-Windows-30mm-OCB02.jpg\" class=\"attachment-full size-full\" alt=\"\" srcset=\"https:\/\/hookelab.com\/wp-content\/uploads\/2025\/03\/Flow-through-Cuvettes-with-Quartz-Tubes-4-Windows-30mm-OCB02.jpg 746w, https:\/\/hookelab.com\/wp-content\/uploads\/2025\/03\/Flow-through-Cuvettes-with-Quartz-Tubes-4-Windows-30mm-OCB02-262x300.jpg 262w, https:\/\/hookelab.com\/wp-content\/uploads\/2025\/03\/Flow-through-Cuvettes-with-Quartz-Tubes-4-Windows-30mm-OCB02-700x800.jpg 700w, https:\/\/hookelab.com\/wp-content\/uploads\/2025\/03\/Flow-through-Cuvettes-with-Quartz-Tubes-4-Windows-30mm-OCB02-430x492.jpg 430w, https:\/\/hookelab.com\/wp-content\/uploads\/2025\/03\/Flow-through-Cuvettes-with-Quartz-Tubes-4-Windows-30mm-OCB02-150x172.jpg 150w\" sizes=\"(max-width: 746px) 100vw, 746px\" \/>\t\t\t\t\t<\/div>\r\n\r\n\t\t\t\t\t\t<\/div>\n\t\t\t\t<\/div>\n\t\t\t\t<div class=\"elementor-element elementor-element-cbad90b elementor-widget elementor-widget-wd_image_or_svg\" data-id=\"cbad90b\" data-element_type=\"widget\" data-e-type=\"widget\" data-widget_type=\"wd_image_or_svg.default\">\n\t\t\t\t<div class=\"elementor-widget-container\">\n\t\t\t\t\t\r\n\t\t<div class=\"wd-image text-left\">\r\n\t\t\t\t\t\t\t\t<img decoding=\"async\" width=\"612\" height=\"700\" src=\"https:\/\/hookelab.com\/wp-content\/uploads\/2025\/03\/Flow-through-Cuvettes-with-Quartz-Tubes-4-Windows-30mm-OCB05.jpg\" class=\"attachment-full size-full\" alt=\"\" srcset=\"https:\/\/hookelab.com\/wp-content\/uploads\/2025\/03\/Flow-through-Cuvettes-with-Quartz-Tubes-4-Windows-30mm-OCB05.jpg 612w, https:\/\/hookelab.com\/wp-content\/uploads\/2025\/03\/Flow-through-Cuvettes-with-Quartz-Tubes-4-Windows-30mm-OCB05-262x300.jpg 262w, https:\/\/hookelab.com\/wp-content\/uploads\/2025\/03\/Flow-through-Cuvettes-with-Quartz-Tubes-4-Windows-30mm-OCB05-430x492.jpg 430w, https:\/\/hookelab.com\/wp-content\/uploads\/2025\/03\/Flow-through-Cuvettes-with-Quartz-Tubes-4-Windows-30mm-OCB05-150x172.jpg 150w\" sizes=\"(max-width: 612px) 100vw, 612px\" \/>\t\t\t\t\t<\/div>\r\n\r\n\t\t\t\t\t\t<\/div>\n\t\t\t\t<\/div>\n\t\t\t\t\t<\/div>\n\t\t\t\t<\/div>\n\t\t\t\t<\/div>\n\t\t\n","protected":false},"excerpt":{"rendered":"<p>Les deux c\u00f4t\u00e9s de cette cuvette d&rsquo;\u00e9coulement ont un connecteur de tube de quartz, avec des dimensions de OD5mm\u00d7ID3mm.<\/p>\n","protected":false},"featured_media":30477,"comment_status":"open","ping_status":"closed","template":"","meta":[],"product_brand":[],"product_cat":[1411,1418,1410,1412,1351,1409,1430],"product_tag":[],"class_list":{"0":"post-40715","1":"product","2":"type-product","3":"status-publish","4":"has-post-thumbnail","6":"product_cat-cuvettes-a-circulation-2","7":"product_cat-cuvettes-a-fenetre-macro-2","8":"product_cat-cuvettes-de-fluorimetre","9":"product_cat-cuvettes-en-quartz-uv-vis-200-2500nm-2","10":"product_cat-cuvettes-et-cellules","11":"product_cat-cuvettes-etalons-en-quartz","12":"product_cat-macro-cuvettes","14":"first","15":"instock","16":"shipping-taxable","17":"purchasable","18":"product-type-simple"},"_links":{"self":[{"href":"https:\/\/hookelab.com\/fr\/wp-json\/wp\/v2\/product\/40715","targetHints":{"allow":["GET"]}}],"collection":[{"href":"https:\/\/hookelab.com\/fr\/wp-json\/wp\/v2\/product"}],"about":[{"href":"https:\/\/hookelab.com\/fr\/wp-json\/wp\/v2\/types\/product"}],"replies":[{"embeddable":true,"href":"https:\/\/hookelab.com\/fr\/wp-json\/wp\/v2\/comments?post=40715"}],"version-history":[{"count":0,"href":"https:\/\/hookelab.com\/fr\/wp-json\/wp\/v2\/product\/40715\/revisions"}],"wp:featuredmedia":[{"embeddable":true,"href":"https:\/\/hookelab.com\/fr\/wp-json\/wp\/v2\/media\/30477"}],"wp:attachment":[{"href":"https:\/\/hookelab.com\/fr\/wp-json\/wp\/v2\/media?parent=40715"}],"wp:term":[{"taxonomy":"product_brand","embeddable":true,"href":"https:\/\/hookelab.com\/fr\/wp-json\/wp\/v2\/product_brand?post=40715"},{"taxonomy":"product_cat","embeddable":true,"href":"https:\/\/hookelab.com\/fr\/wp-json\/wp\/v2\/product_cat?post=40715"},{"taxonomy":"product_tag","embeddable":true,"href":"https:\/\/hookelab.com\/fr\/wp-json\/wp\/v2\/product_tag?post=40715"}],"curies":[{"name":"wp","href":"https:\/\/api.w.org\/{rel}","templated":true}]}}