{"id":40693,"date":"2025-03-06T10:55:13","date_gmt":"2025-03-06T10:55:13","guid":{"rendered":"https:\/\/hookelab.com\/product\/cuvette-a-fenetre-macro-en-verre-optique-2-fenetres-5mm-7ml-collee\/"},"modified":"2025-03-06T10:55:13","modified_gmt":"2025-03-06T10:55:13","slug":"cuvette-a-fenetre-macro-en-verre-optique-2-fenetres-5mm-7ml-collee","status":"publish","type":"product","link":"https:\/\/hookelab.com\/fr\/produit\/cuvette-a-fenetre-macro-en-verre-optique-2-fenetres-5mm-7ml-collee\/","title":{"rendered":"Cuvette \u00e0 fen\u00eatre macro en verre optique, 2 fen\u00eatres, 5mm, 7ml, coll\u00e9e"},"content":{"rendered":"\t\t\t<link rel=\"stylesheet\" id=\"elementor-post-47483-css\" href=\"https:\/\/hookelab.com\/wp-content\/uploads\/elementor\/css\/post-47483.css?ver=1776677907\" type=\"text\/css\" media=\"all\">\r\n\t\t\t\t\t<div data-elementor-type=\"wp-post\" data-elementor-id=\"47483\" class=\"elementor elementor-47483 elementor-30491\">\n\t\t\t\t<div class=\"wd-negative-gap elementor-element elementor-element-212cd0f e-grid e-con-boxed e-con e-parent\" data-id=\"212cd0f\" data-element_type=\"container\" data-e-type=\"container\">\n\t\t\t\t\t<div class=\"e-con-inner\">\n\t\t\t\t<div class=\"elementor-element elementor-element-14dd597 elementor-widget elementor-widget-wd_text_block\" data-id=\"14dd597\" data-element_type=\"widget\" data-e-type=\"widget\" data-widget_type=\"wd_text_block.default\">\n\t\t\t\t<div class=\"elementor-widget-container\">\n\t\t\t\t\t\t\t<div class=\"wd-text-block reset-last-child text-left\">\r\n\t\t\t\r\n\t\t\t<h2>D\u00e9tails<\/h2><ul><li>Mat\u00e9riau : Verre optique SCHOTT<\/li><li>Volume : 7 ml<\/li><li>Longueur du trajet lumineux : 5 mm<\/li><li>\u00c9paisseur de la paroi : 2 mm<\/li><li>D\u00e9gag\u00e9 Fen\u00eatres : 2 fen\u00eatres<\/li><li>Type d'assemblage : Coll\u00e9<\/li><li>Gamme de transmission : 350-800 nm<\/li><li>Transmission de la lumi\u00e8re : &gt;80%<\/li><li>Erreur de performance optique de la surface de transmission : &lt;0.3%<\/li><li>Le paquet comprend : 1 pi\u00e8ce\/paquet<\/li><\/ul><p>Veuillez noter que les cuves coll\u00e9es ne sont destin\u00e9es qu'aux solvants et solut\u00e9s neutres et qu'elles peuvent \u00eatre utilis\u00e9es \u00e0 des temp\u00e9ratures inf\u00e9rieures \u00e0 100\u00b0C.<\/p>\r\n\t\t\t\t\t<\/div>\r\n\t\t\t\t\t\t<\/div>\n\t\t\t\t<\/div>\n\t\t\t\t<div class=\"elementor-element elementor-element-cbad90b elementor-widget elementor-widget-wd_image_or_svg\" data-id=\"cbad90b\" data-element_type=\"widget\" data-e-type=\"widget\" data-widget_type=\"wd_image_or_svg.default\">\n\t\t\t\t<div class=\"elementor-widget-container\">\n\t\t\t\t\t\r\n\t\t<div class=\"wd-image text-left\">\r\n\t\t\t\t\t\t\t\t<img fetchpriority=\"high\" decoding=\"async\" width=\"709\" height=\"810\" src=\"https:\/\/hookelab.com\/wp-content\/uploads\/2025\/03\/Optical-Glass-Macro-Window-Cuvette-2-Windows-5mm-7ml-Glued02.jpg\" class=\"attachment-full size-full\" alt=\"\" srcset=\"https:\/\/hookelab.com\/wp-content\/uploads\/2025\/03\/Optical-Glass-Macro-Window-Cuvette-2-Windows-5mm-7ml-Glued02.jpg 709w, https:\/\/hookelab.com\/wp-content\/uploads\/2025\/03\/Optical-Glass-Macro-Window-Cuvette-2-Windows-5mm-7ml-Glued02-263x300.jpg 263w, https:\/\/hookelab.com\/wp-content\/uploads\/2025\/03\/Optical-Glass-Macro-Window-Cuvette-2-Windows-5mm-7ml-Glued02-700x800.jpg 700w, https:\/\/hookelab.com\/wp-content\/uploads\/2025\/03\/Optical-Glass-Macro-Window-Cuvette-2-Windows-5mm-7ml-Glued02-430x491.jpg 430w, https:\/\/hookelab.com\/wp-content\/uploads\/2025\/03\/Optical-Glass-Macro-Window-Cuvette-2-Windows-5mm-7ml-Glued02-150x171.jpg 150w\" sizes=\"(max-width: 709px) 100vw, 709px\" \/>\t\t\t\t\t<\/div>\r\n\r\n\t\t\t\t\t\t<\/div>\n\t\t\t\t<\/div>\n\t\t\t\t<div class=\"elementor-element elementor-element-67cc5cc elementor-widget elementor-widget-wd_image_or_svg\" data-id=\"67cc5cc\" data-element_type=\"widget\" data-e-type=\"widget\" data-widget_type=\"wd_image_or_svg.default\">\n\t\t\t\t<div class=\"elementor-widget-container\">\n\t\t\t\t\t\r\n\t\t<div class=\"wd-image text-left\">\r\n\t\t\t\t\t\t\t\t<img decoding=\"async\" width=\"600\" height=\"686\" src=\"https:\/\/hookelab.com\/wp-content\/uploads\/2025\/03\/Optical-Glass-Macro-Window-Cuvette-2-Windows-5mm-7ml-Glued08.jpg\" class=\"attachment-full size-full\" alt=\"\" srcset=\"https:\/\/hookelab.com\/wp-content\/uploads\/2025\/03\/Optical-Glass-Macro-Window-Cuvette-2-Windows-5mm-7ml-Glued08.jpg 600w, https:\/\/hookelab.com\/wp-content\/uploads\/2025\/03\/Optical-Glass-Macro-Window-Cuvette-2-Windows-5mm-7ml-Glued08-262x300.jpg 262w, https:\/\/hookelab.com\/wp-content\/uploads\/2025\/03\/Optical-Glass-Macro-Window-Cuvette-2-Windows-5mm-7ml-Glued08-430x492.jpg 430w, https:\/\/hookelab.com\/wp-content\/uploads\/2025\/03\/Optical-Glass-Macro-Window-Cuvette-2-Windows-5mm-7ml-Glued08-150x172.jpg 150w\" sizes=\"(max-width: 600px) 100vw, 600px\" \/>\t\t\t\t\t<\/div>\r\n\r\n\t\t\t\t\t\t<\/div>\n\t\t\t\t<\/div>\n\t\t\t\t\t<\/div>\n\t\t\t\t<\/div>\n\t\t\t\t<\/div>\n\t\t\n","protected":false},"excerpt":{"rendered":"<p>Si vous avez besoin de cellules r\u00e9sistantes aux acides et aux bases, aux solvants organiques ou \u00e0 des environnements d\u00e9passant 100\u00b0C, veuillez nous contacter pour des options personnalis\u00e9es avec une cuvette fritt\u00e9e par poudrage ou \u00e0 contact optique.<\/p>\n","protected":false},"featured_media":30493,"comment_status":"open","ping_status":"closed","template":"","meta":[],"product_brand":[],"product_cat":[1402,1399,1438,1351,1430],"product_tag":[],"class_list":{"0":"post-40693","1":"product","2":"type-product","3":"status-publish","4":"has-post-thumbnail","6":"product_cat-cuvettes-a-fenetre-macro","7":"product_cat-cuvettes-de-spectrophotometre","8":"product_cat-cuvettes-en-verre","9":"product_cat-cuvettes-et-cellules","10":"product_cat-macro-cuvettes","12":"first","13":"instock","14":"shipping-taxable","15":"purchasable","16":"product-type-simple"},"_links":{"self":[{"href":"https:\/\/hookelab.com\/fr\/wp-json\/wp\/v2\/product\/40693","targetHints":{"allow":["GET"]}}],"collection":[{"href":"https:\/\/hookelab.com\/fr\/wp-json\/wp\/v2\/product"}],"about":[{"href":"https:\/\/hookelab.com\/fr\/wp-json\/wp\/v2\/types\/product"}],"replies":[{"embeddable":true,"href":"https:\/\/hookelab.com\/fr\/wp-json\/wp\/v2\/comments?post=40693"}],"version-history":[{"count":0,"href":"https:\/\/hookelab.com\/fr\/wp-json\/wp\/v2\/product\/40693\/revisions"}],"wp:featuredmedia":[{"embeddable":true,"href":"https:\/\/hookelab.com\/fr\/wp-json\/wp\/v2\/media\/30493"}],"wp:attachment":[{"href":"https:\/\/hookelab.com\/fr\/wp-json\/wp\/v2\/media?parent=40693"}],"wp:term":[{"taxonomy":"product_brand","embeddable":true,"href":"https:\/\/hookelab.com\/fr\/wp-json\/wp\/v2\/product_brand?post=40693"},{"taxonomy":"product_cat","embeddable":true,"href":"https:\/\/hookelab.com\/fr\/wp-json\/wp\/v2\/product_cat?post=40693"},{"taxonomy":"product_tag","embeddable":true,"href":"https:\/\/hookelab.com\/fr\/wp-json\/wp\/v2\/product_tag?post=40693"}],"curies":[{"name":"wp","href":"https:\/\/api.w.org\/{rel}","templated":true}]}}