{"id":40644,"date":"2025-03-05T14:07:43","date_gmt":"2025-03-05T14:07:43","guid":{"rendered":"https:\/\/hookelab.com\/product\/cuvette-cylindrique-a-ecoulement-avec-connecteurs-a-filetage-lateral-100mm-28ml-frittee-par-poudrage\/"},"modified":"2025-03-05T14:07:43","modified_gmt":"2025-03-05T14:07:43","slug":"cuvette-cylindrique-a-ecoulement-avec-connecteurs-a-filetage-lateral-100mm-28ml-frittee-par-poudrage","status":"publish","type":"product","link":"https:\/\/hookelab.com\/fr\/produit\/cuvette-cylindrique-a-ecoulement-avec-connecteurs-a-filetage-lateral-100mm-28ml-frittee-par-poudrage\/","title":{"rendered":"Cuvette cylindrique \u00e0 \u00e9coulement avec connecteurs \u00e0 filetage lat\u00e9ral, 100mm, 28ml, fritt\u00e9e par poudrage"},"content":{"rendered":"\t\t\t<link rel=\"stylesheet\" id=\"elementor-post-47456-css\" href=\"https:\/\/hookelab.com\/wp-content\/uploads\/elementor\/css\/post-47456.css?ver=1776317680\" type=\"text\/css\" media=\"all\">\r\n\t\t\t\t\t<div data-elementor-type=\"wp-post\" data-elementor-id=\"47456\" class=\"elementor elementor-47456 elementor-30444\">\n\t\t\t\t<div class=\"wd-negative-gap elementor-element elementor-element-212cd0f e-grid e-con-boxed e-con e-parent\" data-id=\"212cd0f\" data-element_type=\"container\" data-e-type=\"container\">\n\t\t\t\t\t<div class=\"e-con-inner\">\n\t\t\t\t<div class=\"elementor-element elementor-element-14dd597 elementor-widget elementor-widget-wd_text_block\" data-id=\"14dd597\" data-element_type=\"widget\" data-e-type=\"widget\" data-widget_type=\"wd_text_block.default\">\n\t\t\t\t<div class=\"elementor-widget-container\">\n\t\t\t\t\t\t\t<div class=\"wd-text-block reset-last-child text-left\">\r\n\t\t\t\r\n\t\t\t<h2>D\u00e9tails<\/h2><ul><li>Mat\u00e9riau : JGS-1 Quartz UV<\/li><li>Volume : 28 ml<\/li><li>Longueur du trajet lumineux : 100 mm<\/li><li>D\u00e9gag\u00e9 Fen\u00eatres : 2 fen\u00eatres<\/li><li>Type de filetage : M10<\/li><li>Hauteur totale avec le capuchon : 39 mm<\/li><li>Type d'assemblage : Poudre fritt\u00e9e<\/li><li>Gamme de transmission : 200-2500 nm<\/li><li>Erreur de performance optique de la surface de transmission : \u22640,3%.<\/li><li>Le paquet comprend : 1 pi\u00e8ce\/paquet<\/li><\/ul><p>La cuvette de frittage de poudre peut supporter une temp\u00e9rature de 600\u2103, r\u00e9sister \u00e0 la plupart des solutions acides, alcalines et organiques.<\/p><p>Veuillez nous contacter pour des options personnalis\u00e9es si vous avez besoin de cellules avec un processus de production coll\u00e9 ou OCB.<\/p>\r\n\t\t\t\t\t<\/div>\r\n\t\t\t\t\t\t<\/div>\n\t\t\t\t<\/div>\n\t\t\t\t<div class=\"elementor-element elementor-element-cbad90b elementor-widget elementor-widget-wd_image_or_svg\" data-id=\"cbad90b\" data-element_type=\"widget\" data-e-type=\"widget\" data-widget_type=\"wd_image_or_svg.default\">\n\t\t\t\t<div class=\"elementor-widget-container\">\n\t\t\t\t\t\r\n\t\t<div class=\"wd-image text-left\">\r\n\t\t\t\t\t\t\t\t<img fetchpriority=\"high\" decoding=\"async\" width=\"800\" height=\"914\" src=\"https:\/\/hookelab.com\/wp-content\/uploads\/2025\/03\/Cylindrical-Flow-Cuvette-with-Side-Thread-Connetors-100mm-28ml-Powder-Sintered04.jpg\" class=\"attachment-full size-full\" alt=\"\" srcset=\"https:\/\/hookelab.com\/wp-content\/uploads\/2025\/03\/Cylindrical-Flow-Cuvette-with-Side-Thread-Connetors-100mm-28ml-Powder-Sintered04.jpg 800w, https:\/\/hookelab.com\/wp-content\/uploads\/2025\/03\/Cylindrical-Flow-Cuvette-with-Side-Thread-Connetors-100mm-28ml-Powder-Sintered04-263x300.jpg 263w, https:\/\/hookelab.com\/wp-content\/uploads\/2025\/03\/Cylindrical-Flow-Cuvette-with-Side-Thread-Connetors-100mm-28ml-Powder-Sintered04-700x800.jpg 700w, https:\/\/hookelab.com\/wp-content\/uploads\/2025\/03\/Cylindrical-Flow-Cuvette-with-Side-Thread-Connetors-100mm-28ml-Powder-Sintered04-768x877.jpg 768w, https:\/\/hookelab.com\/wp-content\/uploads\/2025\/03\/Cylindrical-Flow-Cuvette-with-Side-Thread-Connetors-100mm-28ml-Powder-Sintered04-430x491.jpg 430w, https:\/\/hookelab.com\/wp-content\/uploads\/2025\/03\/Cylindrical-Flow-Cuvette-with-Side-Thread-Connetors-100mm-28ml-Powder-Sintered04-150x171.jpg 150w\" sizes=\"(max-width: 800px) 100vw, 800px\" \/>\t\t\t\t\t<\/div>\r\n\r\n\t\t\t\t\t\t<\/div>\n\t\t\t\t<\/div>\n\t\t\t\t<div class=\"elementor-element elementor-element-67cc5cc elementor-widget elementor-widget-wd_image_or_svg\" data-id=\"67cc5cc\" data-element_type=\"widget\" data-e-type=\"widget\" data-widget_type=\"wd_image_or_svg.default\">\n\t\t\t\t<div class=\"elementor-widget-container\">\n\t\t\t\t\t\r\n\t\t<div class=\"wd-image text-left\">\r\n\t\t\t\t\t\t\t\t<img decoding=\"async\" width=\"700\" height=\"800\" src=\"https:\/\/hookelab.com\/wp-content\/uploads\/2025\/03\/Cylindrical-Flow-Cuvette-with-Side-Thread-Connetors-100mm-28ml-Powder-Sintered07.jpg\" class=\"attachment-full size-full\" alt=\"\" srcset=\"https:\/\/hookelab.com\/wp-content\/uploads\/2025\/03\/Cylindrical-Flow-Cuvette-with-Side-Thread-Connetors-100mm-28ml-Powder-Sintered07.jpg 700w, https:\/\/hookelab.com\/wp-content\/uploads\/2025\/03\/Cylindrical-Flow-Cuvette-with-Side-Thread-Connetors-100mm-28ml-Powder-Sintered07-263x300.jpg 263w, https:\/\/hookelab.com\/wp-content\/uploads\/2025\/03\/Cylindrical-Flow-Cuvette-with-Side-Thread-Connetors-100mm-28ml-Powder-Sintered07-430x491.jpg 430w, https:\/\/hookelab.com\/wp-content\/uploads\/2025\/03\/Cylindrical-Flow-Cuvette-with-Side-Thread-Connetors-100mm-28ml-Powder-Sintered07-150x171.jpg 150w\" sizes=\"(max-width: 700px) 100vw, 700px\" \/>\t\t\t\t\t<\/div>\r\n\r\n\t\t\t\t\t\t<\/div>\n\t\t\t\t<\/div>\n\t\t\t\t\t<\/div>\n\t\t\t\t<\/div>\n\t\t\t\t<\/div>\n\t\t\n","protected":false},"excerpt":{"rendered":"<ul>\n<li>Cette cuvette coulante est \u00e9quip\u00e9e de connecteurs de quartz \u00e0 filetage M10 sur les deux faces sup\u00e9rieures.<\/li>\n<li>La cuvette fritt\u00e9e avec bouchon viss\u00e9 en PTFE pr\u00e9sente une bonne \u00e9tanch\u00e9it\u00e9 et convient aux solutions organiques volatiles.<\/li>\n<li>Si vous souhaitez l&rsquo;utiliser dans le cadre d&rsquo;une exp\u00e9rience en ana\u00e9robiose, choisissez la cuvette OCB avec bouchon \u00e0 vis en PTFE.<\/li>\n<\/ul>\n","protected":false},"featured_media":30452,"comment_status":"open","ping_status":"closed","template":"","meta":[],"product_brand":[],"product_cat":[1436,1401,1432,1399,1400,1351,1431,1430],"product_tag":[],"class_list":{"0":"post-40644","1":"product","2":"type-product","3":"status-publish","4":"has-post-thumbnail","6":"product_cat-cellules-cylindriques","7":"product_cat-cuvettes-a-circulation","8":"product_cat-cuvettes-avec-bouchon-a-vis-2","9":"product_cat-cuvettes-de-spectrophotometre","10":"product_cat-cuvettes-en-quartz-uv-vis-200-2500nm","11":"product_cat-cuvettes-et-cellules","12":"product_cat-cuvettes-etanches-2","13":"product_cat-macro-cuvettes","15":"first","16":"instock","17":"shipping-taxable","18":"purchasable","19":"product-type-simple"},"_links":{"self":[{"href":"https:\/\/hookelab.com\/fr\/wp-json\/wp\/v2\/product\/40644","targetHints":{"allow":["GET"]}}],"collection":[{"href":"https:\/\/hookelab.com\/fr\/wp-json\/wp\/v2\/product"}],"about":[{"href":"https:\/\/hookelab.com\/fr\/wp-json\/wp\/v2\/types\/product"}],"replies":[{"embeddable":true,"href":"https:\/\/hookelab.com\/fr\/wp-json\/wp\/v2\/comments?post=40644"}],"version-history":[{"count":0,"href":"https:\/\/hookelab.com\/fr\/wp-json\/wp\/v2\/product\/40644\/revisions"}],"wp:featuredmedia":[{"embeddable":true,"href":"https:\/\/hookelab.com\/fr\/wp-json\/wp\/v2\/media\/30452"}],"wp:attachment":[{"href":"https:\/\/hookelab.com\/fr\/wp-json\/wp\/v2\/media?parent=40644"}],"wp:term":[{"taxonomy":"product_brand","embeddable":true,"href":"https:\/\/hookelab.com\/fr\/wp-json\/wp\/v2\/product_brand?post=40644"},{"taxonomy":"product_cat","embeddable":true,"href":"https:\/\/hookelab.com\/fr\/wp-json\/wp\/v2\/product_cat?post=40644"},{"taxonomy":"product_tag","embeddable":true,"href":"https:\/\/hookelab.com\/fr\/wp-json\/wp\/v2\/product_tag?post=40644"}],"curies":[{"name":"wp","href":"https:\/\/api.w.org\/{rel}","templated":true}]}}