{"id":40470,"date":"2025-03-05T12:44:58","date_gmt":"2025-03-05T12:44:58","guid":{"rendered":"https:\/\/hookelab.com\/product\/cuvette-a-ecoulement-en-quartz-avec-entonnoir-10mm-4-fenetres-3-5ml-ocb\/"},"modified":"2025-03-05T12:44:58","modified_gmt":"2025-03-05T12:44:58","slug":"cuvette-a-ecoulement-en-quartz-avec-entonnoir-10mm-4-fenetres-3-5ml-ocb","status":"publish","type":"product","link":"https:\/\/hookelab.com\/fr\/produit\/cuvette-a-ecoulement-en-quartz-avec-entonnoir-10mm-4-fenetres-3-5ml-ocb\/","title":{"rendered":"Cuvette \u00e0 \u00e9coulement en quartz avec entonnoir, 10mm, 4 fen\u00eatres, 3.5ml, OCB"},"content":{"rendered":"\t\t\t<link rel=\"stylesheet\" id=\"elementor-post-49208-css\" href=\"https:\/\/hookelab.com\/wp-content\/uploads\/elementor\/css\/post-49208.css?ver=1776498605\" type=\"text\/css\" media=\"all\">\r\n\t\t\t\t\t<div data-elementor-type=\"wp-post\" data-elementor-id=\"49208\" class=\"elementor elementor-49208 elementor-30300\">\n\t\t\t\t<div class=\"wd-negative-gap elementor-element elementor-element-212cd0f e-grid e-con-boxed e-con e-parent\" data-id=\"212cd0f\" data-element_type=\"container\" data-e-type=\"container\">\n\t\t\t\t\t<div class=\"e-con-inner\">\n\t\t\t\t<div class=\"elementor-element elementor-element-14dd597 elementor-widget elementor-widget-wd_text_block\" data-id=\"14dd597\" data-element_type=\"widget\" data-e-type=\"widget\" data-widget_type=\"wd_text_block.default\">\n\t\t\t\t<div class=\"elementor-widget-container\">\n\t\t\t\t\t\t\t<div class=\"wd-text-block reset-last-child text-left\">\r\n\t\t\t\r\n\t\t\t<h2>D\u00e9tails<\/h2><ul><li>Mat\u00e9riau : JGS-1 Quartz UV<\/li><li>Volume : 3,5 ml<\/li><li>Longueur du trajet lumineux : 10 mm<\/li><li>Nettoyer les fen\u00eatres : 4 fen\u00eatres<\/li><li>Dimensions int\u00e9rieures (L\u00d7P\u00d7H) : 33\u00d710\u00d710 mm<\/li><li>Tubes d'entr\u00e9e \/ de sortie : OD 4mm, ID 2mm, L 10mm<\/li><li>Type d'assemblage : Collage par contact optique (OCB)<\/li><li>Gamme de transmission : 200-2500 nm<\/li><li>Erreur de performance optique de la surface de transmission : \u22640,3%.<\/li><li>Le paquet comprend : 1 pi\u00e8ce\/paquet<\/li><\/ul><p>La cuvette OCB r\u00e9siste aux temp\u00e9ratures \u00e9lev\u00e9es, aux acides et aux alcalis, ainsi qu'aux solvants organiques.<\/p>\r\n\t\t\t\t\t<\/div>\r\n\t\t\t\t\t\t<\/div>\n\t\t\t\t<\/div>\n\t\t\t\t<div class=\"elementor-element elementor-element-67cc5cc elementor-widget elementor-widget-wd_image_or_svg\" data-id=\"67cc5cc\" data-element_type=\"widget\" data-e-type=\"widget\" data-widget_type=\"wd_image_or_svg.default\">\n\t\t\t\t<div class=\"elementor-widget-container\">\n\t\t\t\t\t\r\n\t\t<div class=\"wd-image text-left\">\r\n\t\t\t\t\t\t\t\t<img fetchpriority=\"high\" decoding=\"async\" width=\"800\" height=\"914\" src=\"https:\/\/hookelab.com\/wp-content\/uploads\/2025\/03\/Quartz-Flow-Cuvette-with-Funnel-Design-10mm-4-Windows-OCB02.jpg\" class=\"attachment-full size-full\" alt=\"\" srcset=\"https:\/\/hookelab.com\/wp-content\/uploads\/2025\/03\/Quartz-Flow-Cuvette-with-Funnel-Design-10mm-4-Windows-OCB02.jpg 800w, https:\/\/hookelab.com\/wp-content\/uploads\/2025\/03\/Quartz-Flow-Cuvette-with-Funnel-Design-10mm-4-Windows-OCB02-263x300.jpg 263w, https:\/\/hookelab.com\/wp-content\/uploads\/2025\/03\/Quartz-Flow-Cuvette-with-Funnel-Design-10mm-4-Windows-OCB02-700x800.jpg 700w, https:\/\/hookelab.com\/wp-content\/uploads\/2025\/03\/Quartz-Flow-Cuvette-with-Funnel-Design-10mm-4-Windows-OCB02-768x877.jpg 768w, https:\/\/hookelab.com\/wp-content\/uploads\/2025\/03\/Quartz-Flow-Cuvette-with-Funnel-Design-10mm-4-Windows-OCB02-430x491.jpg 430w, https:\/\/hookelab.com\/wp-content\/uploads\/2025\/03\/Quartz-Flow-Cuvette-with-Funnel-Design-10mm-4-Windows-OCB02-150x171.jpg 150w\" sizes=\"(max-width: 800px) 100vw, 800px\" \/>\t\t\t\t\t<\/div>\r\n\r\n\t\t\t\t\t\t<\/div>\n\t\t\t\t<\/div>\n\t\t\t\t<div class=\"elementor-element elementor-element-cbad90b elementor-widget elementor-widget-wd_image_or_svg\" data-id=\"cbad90b\" data-element_type=\"widget\" data-e-type=\"widget\" data-widget_type=\"wd_image_or_svg.default\">\n\t\t\t\t<div class=\"elementor-widget-container\">\n\t\t\t\t\t\r\n\t\t<div class=\"wd-image text-left\">\r\n\t\t\t\t\t\t\t\t<img decoding=\"async\" width=\"598\" height=\"684\" src=\"https:\/\/hookelab.com\/wp-content\/uploads\/2025\/03\/Quartz-Flow-Cuvette-with-Funnel-Design-10mm-4-Windows-OCB04.jpg\" class=\"attachment-full size-full\" alt=\"\" srcset=\"https:\/\/hookelab.com\/wp-content\/uploads\/2025\/03\/Quartz-Flow-Cuvette-with-Funnel-Design-10mm-4-Windows-OCB04.jpg 598w, https:\/\/hookelab.com\/wp-content\/uploads\/2025\/03\/Quartz-Flow-Cuvette-with-Funnel-Design-10mm-4-Windows-OCB04-262x300.jpg 262w, https:\/\/hookelab.com\/wp-content\/uploads\/2025\/03\/Quartz-Flow-Cuvette-with-Funnel-Design-10mm-4-Windows-OCB04-430x492.jpg 430w, https:\/\/hookelab.com\/wp-content\/uploads\/2025\/03\/Quartz-Flow-Cuvette-with-Funnel-Design-10mm-4-Windows-OCB04-150x172.jpg 150w\" sizes=\"(max-width: 598px) 100vw, 598px\" \/>\t\t\t\t\t<\/div>\r\n\r\n\t\t\t\t\t\t<\/div>\n\t\t\t\t<\/div>\n\t\t\t\t\t<\/div>\n\t\t\t\t<\/div>\n\t\t\t\t<\/div>\n\t\t\n","protected":false},"excerpt":{"rendered":"<ul>\n<li>Les deux c\u00f4t\u00e9s de cette cuvette d&rsquo;\u00e9coulement ont un connecteur en quartz, avec des dimensions de OD4mm\u00d7ID2mm\u00d7L10mm.<\/li>\n<li>L&rsquo;une des particularit\u00e9s de cette cuve \u00e0 circulation est sa forme d&rsquo;entonnoir int\u00e9rieur, qui ne produit pas facilement de bulles.<\/li>\n<\/ul>\n","protected":false},"featured_media":30303,"comment_status":"open","ping_status":"closed","template":"","meta":[],"product_brand":[],"product_cat":[1411,1410,1412,1351,1409],"product_tag":[],"class_list":{"0":"post-40470","1":"product","2":"type-product","3":"status-publish","4":"has-post-thumbnail","6":"product_cat-cuvettes-a-circulation-2","7":"product_cat-cuvettes-de-fluorimetre","8":"product_cat-cuvettes-en-quartz-uv-vis-200-2500nm-2","9":"product_cat-cuvettes-et-cellules","10":"product_cat-cuvettes-etalons-en-quartz","12":"first","13":"instock","14":"shipping-taxable","15":"purchasable","16":"product-type-simple"},"_links":{"self":[{"href":"https:\/\/hookelab.com\/fr\/wp-json\/wp\/v2\/product\/40470","targetHints":{"allow":["GET"]}}],"collection":[{"href":"https:\/\/hookelab.com\/fr\/wp-json\/wp\/v2\/product"}],"about":[{"href":"https:\/\/hookelab.com\/fr\/wp-json\/wp\/v2\/types\/product"}],"replies":[{"embeddable":true,"href":"https:\/\/hookelab.com\/fr\/wp-json\/wp\/v2\/comments?post=40470"}],"version-history":[{"count":0,"href":"https:\/\/hookelab.com\/fr\/wp-json\/wp\/v2\/product\/40470\/revisions"}],"wp:featuredmedia":[{"embeddable":true,"href":"https:\/\/hookelab.com\/fr\/wp-json\/wp\/v2\/media\/30303"}],"wp:attachment":[{"href":"https:\/\/hookelab.com\/fr\/wp-json\/wp\/v2\/media?parent=40470"}],"wp:term":[{"taxonomy":"product_brand","embeddable":true,"href":"https:\/\/hookelab.com\/fr\/wp-json\/wp\/v2\/product_brand?post=40470"},{"taxonomy":"product_cat","embeddable":true,"href":"https:\/\/hookelab.com\/fr\/wp-json\/wp\/v2\/product_cat?post=40470"},{"taxonomy":"product_tag","embeddable":true,"href":"https:\/\/hookelab.com\/fr\/wp-json\/wp\/v2\/product_tag?post=40470"}],"curies":[{"name":"wp","href":"https:\/\/api.w.org\/{rel}","templated":true}]}}