{"id":39011,"date":"2025-04-17T09:45:05","date_gmt":"2025-04-17T09:45:05","guid":{"rendered":"https:\/\/hookelab.com\/product\/jgs1-feuilles-carrees-en-verre-quartz-uv-pour-la-spectroscopie-de-fluorescence-raman-personnalisables\/"},"modified":"2025-04-17T09:45:05","modified_gmt":"2025-04-17T09:45:05","slug":"jgs1-feuilles-carrees-en-verre-quartz-uv-pour-la-spectroscopie-de-fluorescence-raman-personnalisables","status":"publish","type":"product","link":"https:\/\/hookelab.com\/fr\/produit\/jgs1-feuilles-carrees-en-verre-quartz-uv-pour-la-spectroscopie-de-fluorescence-raman-personnalisables\/","title":{"rendered":"JGS1 Feuilles carr\u00e9es en verre quartz UV, pour la spectroscopie de fluorescence\/Raman, personnalisables"},"content":{"rendered":"","protected":false},"excerpt":{"rendered":"<p>Ces plaques de verre quartz sont fabriqu\u00e9es \u00e0 partir de verre quartz UV JGS1 de premi\u00e8re qualit\u00e9, qui offre une clart\u00e9 optique et une durabilit\u00e9 exceptionnelles. Sa large plage de transmission de 200 \u00e0 2500 nm le rend id\u00e9al pour les applications de lumi\u00e8re UV-VIS, garantissant une haute performance dans les utilisations scientifiques, industrielles et techniques. <\/p>\n","protected":false},"featured_media":34859,"comment_status":"open","ping_status":"closed","template":"","meta":[],"product_brand":[],"product_cat":[1371,1370],"product_tag":[],"class_list":{"0":"post-39011","1":"product","2":"type-product","3":"status-publish","4":"has-post-thumbnail","6":"product_cat-feuilles-de-quartz-uv","7":"product_cat-feuilles-de-verre-quartz-k9","9":"first","10":"instock","11":"shipping-taxable","12":"purchasable","13":"product-type-variable"},"_links":{"self":[{"href":"https:\/\/hookelab.com\/fr\/wp-json\/wp\/v2\/product\/39011","targetHints":{"allow":["GET"]}}],"collection":[{"href":"https:\/\/hookelab.com\/fr\/wp-json\/wp\/v2\/product"}],"about":[{"href":"https:\/\/hookelab.com\/fr\/wp-json\/wp\/v2\/types\/product"}],"replies":[{"embeddable":true,"href":"https:\/\/hookelab.com\/fr\/wp-json\/wp\/v2\/comments?post=39011"}],"version-history":[{"count":0,"href":"https:\/\/hookelab.com\/fr\/wp-json\/wp\/v2\/product\/39011\/revisions"}],"wp:featuredmedia":[{"embeddable":true,"href":"https:\/\/hookelab.com\/fr\/wp-json\/wp\/v2\/media\/34859"}],"wp:attachment":[{"href":"https:\/\/hookelab.com\/fr\/wp-json\/wp\/v2\/media?parent=39011"}],"wp:term":[{"taxonomy":"product_brand","embeddable":true,"href":"https:\/\/hookelab.com\/fr\/wp-json\/wp\/v2\/product_brand?post=39011"},{"taxonomy":"product_cat","embeddable":true,"href":"https:\/\/hookelab.com\/fr\/wp-json\/wp\/v2\/product_cat?post=39011"},{"taxonomy":"product_tag","embeddable":true,"href":"https:\/\/hookelab.com\/fr\/wp-json\/wp\/v2\/product_tag?post=39011"}],"curies":[{"name":"wp","href":"https:\/\/api.w.org\/{rel}","templated":true}]}}