{"id":38286,"date":"2025-04-15T10:33:06","date_gmt":"2025-04-15T10:33:06","guid":{"rendered":"https:\/\/hookelab.com\/product\/vis-plaquette-disque-en-verre-quartz-qualite-optique-resistant-aux-hautes-temperatures-feuille-ronde-s2-personnalisable\/"},"modified":"2025-04-15T10:33:06","modified_gmt":"2025-04-15T10:33:06","slug":"vis-plaquette-disque-en-verre-quartz-qualite-optique-resistant-aux-hautes-temperatures-feuille-ronde-s2-personnalisable","status":"publish","type":"product","link":"https:\/\/hookelab.com\/fr\/produit\/vis-plaquette-disque-en-verre-quartz-qualite-optique-resistant-aux-hautes-temperatures-feuille-ronde-s2-personnalisable\/","title":{"rendered":"VIS Plaquette\/disque en verre quartz, qualit\u00e9 optique, r\u00e9sistant aux hautes temp\u00e9ratures, feuille ronde S2, personnalisable"},"content":{"rendered":"","protected":false},"excerpt":{"rendered":"<p>Ces feuilles de verre quartz sont fabriqu\u00e9es \u00e0 partir de verre quartz de premi\u00e8re qualit\u00e9 et de grande puret\u00e9, qui offre une clart\u00e9 optique et une durabilit\u00e9 exceptionnelles. Sa large plage de transmission de 300 \u00e0 800 nm en fait un mat\u00e9riau id\u00e9al pour les applications en lumi\u00e8re visible, garantissant des performances \u00e9lev\u00e9es dans les domaines scientifique, industriel et technique. <\/p>\n","protected":false},"featured_media":34470,"comment_status":"open","ping_status":"closed","template":"","meta":[],"product_brand":[],"product_cat":[1386,1370],"product_tag":[],"class_list":{"0":"post-38286","1":"product","2":"type-product","3":"status-publish","4":"has-post-thumbnail","6":"product_cat-feuilles-de-quartz-vis","7":"product_cat-feuilles-de-verre-quartz-k9","9":"first","10":"instock","11":"shipping-taxable","12":"purchasable","13":"product-type-variable"},"_links":{"self":[{"href":"https:\/\/hookelab.com\/fr\/wp-json\/wp\/v2\/product\/38286","targetHints":{"allow":["GET"]}}],"collection":[{"href":"https:\/\/hookelab.com\/fr\/wp-json\/wp\/v2\/product"}],"about":[{"href":"https:\/\/hookelab.com\/fr\/wp-json\/wp\/v2\/types\/product"}],"replies":[{"embeddable":true,"href":"https:\/\/hookelab.com\/fr\/wp-json\/wp\/v2\/comments?post=38286"}],"version-history":[{"count":0,"href":"https:\/\/hookelab.com\/fr\/wp-json\/wp\/v2\/product\/38286\/revisions"}],"wp:featuredmedia":[{"embeddable":true,"href":"https:\/\/hookelab.com\/fr\/wp-json\/wp\/v2\/media\/34470"}],"wp:attachment":[{"href":"https:\/\/hookelab.com\/fr\/wp-json\/wp\/v2\/media?parent=38286"}],"wp:term":[{"taxonomy":"product_brand","embeddable":true,"href":"https:\/\/hookelab.com\/fr\/wp-json\/wp\/v2\/product_brand?post=38286"},{"taxonomy":"product_cat","embeddable":true,"href":"https:\/\/hookelab.com\/fr\/wp-json\/wp\/v2\/product_cat?post=38286"},{"taxonomy":"product_tag","embeddable":true,"href":"https:\/\/hookelab.com\/fr\/wp-json\/wp\/v2\/product_tag?post=38286"}],"curies":[{"name":"wp","href":"https:\/\/api.w.org\/{rel}","templated":true}]}}