{"id":38279,"date":"2025-04-15T06:11:48","date_gmt":"2025-04-15T06:11:48","guid":{"rendered":"https:\/\/hookelab.com\/product\/creuset-de-mgo-99-de-haute-purete-personnalise-pour-four-a-moufle\/"},"modified":"2025-04-15T06:11:48","modified_gmt":"2025-04-15T06:11:48","slug":"creuset-de-mgo-99-de-haute-purete-personnalise-pour-four-a-moufle","status":"publish","type":"product","link":"https:\/\/hookelab.com\/fr\/produit\/creuset-de-mgo-99-de-haute-purete-personnalise-pour-four-a-moufle\/","title":{"rendered":"Creuset de MgO 99% de haute puret\u00e9, personnalis\u00e9, pour four \u00e0 moufle"},"content":{"rendered":"\t\t\t<link rel=\"stylesheet\" id=\"elementor-post-37199-css\" href=\"https:\/\/hookelab.com\/wp-content\/uploads\/elementor\/css\/post-37199.css?ver=1776427670\" type=\"text\/css\" media=\"all\">\r\n\t\t\t\t\t<div data-elementor-type=\"wp-post\" data-elementor-id=\"37199\" class=\"elementor elementor-37199 elementor-34246\">\n\t\t\t\t<div class=\"wd-negative-gap elementor-element elementor-element-aabb5f4 wd-section-stretch e-flex e-con-boxed e-con e-parent\" data-id=\"aabb5f4\" data-element_type=\"container\" data-e-type=\"container\" data-settings=\"{&quot;background_background&quot;:&quot;classic&quot;}\">\n\t\t\t\t\t<div class=\"e-con-inner\">\n\t\t<div class=\"elementor-element elementor-element-4992a77 e-con-full e-flex e-con e-child\" data-id=\"4992a77\" data-element_type=\"container\" data-e-type=\"container\">\n\t\t\t\t<div class=\"elementor-element elementor-element-c289ccf wd-width-100 elementor-widget elementor-widget-wd_title\" data-id=\"c289ccf\" data-element_type=\"widget\" data-e-type=\"widget\" data-widget_type=\"wd_title.default\">\n\t\t\t\t<div class=\"elementor-widget-container\">\n\t\t\t\t\t\t\t<div class=\"title-wrapper wd-set-mb reset-last-child wd-title-color-default wd-title-style-default wd-title-size-default text-left\">\r\n\r\n\t\t\t\r\n\t\t\t<div class=\"liner-continer\">\r\n\t\t\t\t<h4 class=\"woodmart-title-container title wd-fontsize-l\">Caract\u00e9ristiques et avantages des creusets en oxyde de magn\u00e9sium<\/h4> \r\n\t\t\t\t\t\t\t<\/div>\r\n\r\n\t\t\t\t\t<\/div>\r\n\t\t\t\t\t\t<\/div>\n\t\t\t\t<\/div>\n\t\t<div class=\"elementor-element elementor-element-319866b e-con-full e-flex e-con e-child\" data-id=\"319866b\" data-element_type=\"container\" data-e-type=\"container\">\n\t\t<div class=\"elementor-element elementor-element-872a816 e-grid e-con-full e-con e-child\" data-id=\"872a816\" data-element_type=\"container\" data-e-type=\"container\">\n\t\t\t\t<div class=\"elementor-element elementor-element-be559b7 elementor-widget elementor-widget-wd_text_block\" data-id=\"be559b7\" data-element_type=\"widget\" data-e-type=\"widget\" data-widget_type=\"wd_text_block.default\">\n\t\t\t\t<div class=\"elementor-widget-container\">\n\t\t\t\t\t\t\t<div class=\"wd-text-block reset-last-child text-left\">\r\n\t\t\t\r\n\t\t\t<ul><li><strong>R\u00e9sistance aux hautes temp\u00e9ratures :<\/strong> <br>R\u00e9siste \u00e0 des temp\u00e9ratures allant jusqu'\u00e0 2200\u00b0C. Comme la temp\u00e9rature. La r\u00e9sistivit\u00e9 diminue avec l'augmentation de la temp\u00e9rature, ce qui en fait un mat\u00e9riau r\u00e9fractaire alcalin typique.<\/li><\/ul>\r\n\t\t\t\t\t<\/div>\r\n\t\t\t\t\t\t<\/div>\n\t\t\t\t<\/div>\n\t\t\t\t<div class=\"elementor-element elementor-element-6cad8b8 elementor-widget elementor-widget-wd_text_block\" data-id=\"6cad8b8\" data-element_type=\"widget\" data-e-type=\"widget\" data-widget_type=\"wd_text_block.default\">\n\t\t\t\t<div class=\"elementor-widget-container\">\n\t\t\t\t\t\t\t<div class=\"wd-text-block reset-last-child text-left\">\r\n\t\t\t\r\n\t\t\t<ul><li><strong>R\u00e9sistance aux acides et aux alcalis :<\/strong><br>r\u00e9sistance \u00e0 la corrosion : Pr\u00e9sente d'excellentes performances chimiques et une stabilit\u00e9 contre l'\u00e9rosion des m\u00e9taux.<\/li><\/ul>\r\n\t\t\t\t\t<\/div>\r\n\t\t\t\t\t\t<\/div>\n\t\t\t\t<\/div>\n\t\t\t\t<div class=\"elementor-element elementor-element-78cc291 elementor-widget elementor-widget-wd_text_block\" data-id=\"78cc291\" data-element_type=\"widget\" data-e-type=\"widget\" data-widget_type=\"wd_text_block.default\">\n\t\t\t\t<div class=\"elementor-widget-container\">\n\t\t\t\t\t\t\t<div class=\"wd-text-block reset-last-child text-left\">\r\n\t\t\t\r\n\t\t\t<ul><li><strong>Id\u00e9al pour la fusion des m\u00e9taux :<\/strong> <br>Fonctionne de mani\u00e8re stable \u00e0 des temp\u00e9ratures \u00e9lev\u00e9es et sert de conteneur pour les fours \u00e9lectriques dans la fusion des m\u00e9taux.<\/li><\/ul>\r\n\t\t\t\t\t<\/div>\r\n\t\t\t\t\t\t<\/div>\n\t\t\t\t<\/div>\n\t\t\t\t<div class=\"elementor-element elementor-element-abda596 elementor-widget elementor-widget-wd_text_block\" data-id=\"abda596\" data-element_type=\"widget\" data-e-type=\"widget\" data-widget_type=\"wd_text_block.default\">\n\t\t\t\t<div class=\"elementor-widget-container\">\n\t\t\t\t\t\t\t<div class=\"wd-text-block reset-last-child text-left\">\r\n\t\t\t\r\n\t\t\t<ul><li><strong>Propri\u00e9t\u00e9s d'isolation sup\u00e9rieures :<\/strong> <br>Fonctionne comme un mat\u00e9riau antistatique.<\/li><\/ul>\r\n\t\t\t\t\t<\/div>\r\n\t\t\t\t\t\t<\/div>\n\t\t\t\t<\/div>\n\t\t\t\t<\/div>\n\t\t\t\t<\/div>\n\t\t\t\t<\/div>\n\t\t\t\t\t<\/div>\n\t\t\t\t<\/div>\n\t\t<div class=\"wd-negative-gap elementor-element elementor-element-7c515c6 wd-section-stretch e-flex e-con-boxed e-con e-parent\" data-id=\"7c515c6\" data-element_type=\"container\" data-e-type=\"container\" data-settings=\"{&quot;background_background&quot;:&quot;classic&quot;}\">\n\t\t\t\t\t<div class=\"e-con-inner\">\n\t\t<div class=\"elementor-element elementor-element-65a5272 e-con-full e-flex e-con e-child\" data-id=\"65a5272\" data-element_type=\"container\" data-e-type=\"container\">\n\t\t\t\t<div class=\"elementor-element elementor-element-f0c5d63 wd-width-100 elementor-widget elementor-widget-wd_title\" data-id=\"f0c5d63\" data-element_type=\"widget\" data-e-type=\"widget\" data-widget_type=\"wd_title.default\">\n\t\t\t\t<div class=\"elementor-widget-container\">\n\t\t\t\t\t\t\t<div class=\"title-wrapper wd-set-mb reset-last-child wd-title-color-default wd-title-style-default wd-title-size-default text-left\">\r\n\r\n\t\t\t\r\n\t\t\t<div class=\"liner-continer\">\r\n\t\t\t\t<h4 class=\"woodmart-title-container title wd-fontsize-l\">Pr\u00e9cautions \u00e0 prendre lors de l'utilisation de creusets \u00e0 l'oxyde de magn\u00e9sium \u00e0 99%.<\/h4> \r\n\t\t\t\t\t\t\t<\/div>\r\n\r\n\t\t\t\t\t\t\t<div class=\"title-after_title reset-last-child wd-fontsize-xs\">\r\n\t\t\t\t\t<p><em>Le MgO et le SiO2 r\u00e9agissent \u00e0 haute temp\u00e9rature pour former le MgSiO3. Soyez prudent lorsque vous faites fondre des mat\u00e9riaux contenant du dioxyde de silicium.<\/em><\/p>\t\t\t\t<\/div>\r\n\t\t\t\t\t<\/div>\r\n\t\t\t\t\t\t<\/div>\n\t\t\t\t<\/div>\n\t\t<div class=\"elementor-element elementor-element-12996ef e-grid e-con-full e-con e-child\" data-id=\"12996ef\" data-element_type=\"container\" data-e-type=\"container\">\n\t\t\t\t<div class=\"elementor-element elementor-element-6e1d846 elementor-widget elementor-widget-wd_text_block\" data-id=\"6e1d846\" data-element_type=\"widget\" data-e-type=\"widget\" data-widget_type=\"wd_text_block.default\">\n\t\t\t\t<div class=\"elementor-widget-container\">\n\t\t\t\t\t\t\t<div class=\"wd-text-block reset-last-child text-left\">\r\n\t\t\t\r\n\t\t\t<ol start=\"1\"><li><p>Avant la premi\u00e8re utilisation, le creuset doit \u00eatre plac\u00e9 dans un four \u00e0 environ 105\u00b0C pendant 120 minutes pour \u00e9liminer l'humidit\u00e9.<\/p><\/li><li><p>N'utilisez pas de torches \u00e0 essence, de torches \u00e0 ac\u00e9tyl\u00e8ne ou de lampes \u00e0 alcool pour le chauffage direct afin d'\u00e9viter que le creuset ne se fissure en raison d'un chauffage in\u00e9gal.<\/p><\/li><li>  La distance entre le creuset et l'\u00e9l\u00e9ment chauffant (tubes de carbone, tiges de carbure de silicium, fils chauffants, etc.) doit \u00eatre sup\u00e9rieure \u00e0 2 cm.<\/li><\/ol>\r\n\t\t\t\t\t<\/div>\r\n\t\t\t\t\t\t<\/div>\n\t\t\t\t<\/div>\n\t\t\t\t<div class=\"elementor-element elementor-element-6fbbc1e elementor-widget elementor-widget-wd_text_block\" data-id=\"6fbbc1e\" data-element_type=\"widget\" data-e-type=\"widget\" data-widget_type=\"wd_text_block.default\">\n\t\t\t\t<div class=\"elementor-widget-container\">\n\t\t\t\t\t\t\t<div class=\"wd-text-block reset-last-child text-left\">\r\n\t\t\t\r\n\t\t\t<p>4. La vitesse de chauffage ou de refroidissement ne doit pas \u00eatre trop rapide. En dessous de 1200\u00b0C, la vitesse doit \u00eatre inf\u00e9rieure \u00e0 5\u00b0C par minute ; au-dessus de 1200\u00b0C, elle doit \u00eatre inf\u00e9rieure \u00e0 4\u00b0C par minute. Pour le refroidissement, il est recommand\u00e9 d'utiliser un refroidissement \u00e0 puissance contr\u00f4l\u00e9e. Le fait de couper directement l'alimentation \u00e0 des temp\u00e9ratures \u00e9lev\u00e9es peut entra\u00eener un refroidissement initial rapide, susceptible de provoquer des fissures.<\/p><p>5. Pour les grands creusets, il est conseill\u00e9 d'\u00e9viter tout contact direct entre le fond du creuset et la sole du four. Utilisez des mat\u00e9riaux r\u00e9sistants aux hautes temp\u00e9ratures, tels que des <strong>plaques de corindon<\/strong>, pour sur\u00e9lever le creuset, ce qui favorise la convection de l'air et prolonge la dur\u00e9e de vie du creuset (comme illustr\u00e9 \u00e0 droite).<\/p>\r\n\t\t\t\t\t<\/div>\r\n\t\t\t\t\t\t<\/div>\n\t\t\t\t<\/div>\n\t\t\t\t<div class=\"elementor-element elementor-element-cbd77d8 elementor-widget elementor-widget-wd_image_or_svg\" data-id=\"cbd77d8\" data-element_type=\"widget\" data-e-type=\"widget\" data-widget_type=\"wd_image_or_svg.default\">\n\t\t\t\t<div class=\"elementor-widget-container\">\n\t\t\t\t\t\r\n\t\t<div class=\"wd-image text-left\">\r\n\t\t\t\t\t\t\t\t<img fetchpriority=\"high\" decoding=\"async\" width=\"649\" height=\"463\" src=\"https:\/\/hookelab.com\/wp-content\/uploads\/2025\/03\/crucibles012.jpg\" class=\"attachment-full size-full\" alt=\"\" srcset=\"https:\/\/hookelab.com\/wp-content\/uploads\/2025\/03\/crucibles012.jpg 649w, https:\/\/hookelab.com\/wp-content\/uploads\/2025\/03\/crucibles012-400x285.jpg 400w, https:\/\/hookelab.com\/wp-content\/uploads\/2025\/03\/crucibles012-430x307.jpg 430w, https:\/\/hookelab.com\/wp-content\/uploads\/2025\/03\/crucibles012-150x107.jpg 150w\" sizes=\"(max-width: 649px) 100vw, 649px\" \/>\t\t\t\t\t<\/div>\r\n\r\n\t\t\t\t\t\t<\/div>\n\t\t\t\t<\/div>\n\t\t\t\t<\/div>\n\t\t\t\t<\/div>\n\t\t\t\t\t<\/div>\n\t\t\t\t<\/div>\n\t\t\t\t<\/div>\n\t\t\n","protected":false},"excerpt":{"rendered":"<ul>\n<li>Dimensions ext\u00e9rieures (D\u00d7H) : 83\u00d7165mm ; Epaisseur de la paroi : 5mm ; Capacit\u00e9 : 600ml<\/li>\n<li>Le creuset d&rsquo;oxyde de magn\u00e9sium, fabriqu\u00e9 \u00e0 partir de MgO de haute puret\u00e9 (\u226599,3 %) de qualit\u00e9 condensateur, est blanc. Il fonctionne de mani\u00e8re stable \u00e0 : 1900\u00b0C dans l&rsquo;air (conditions oxydantes), et 2000\u00b0C sous azote\/vide, avec une tol\u00e9rance maximale de 2200\u00b0C. <\/li>\n<li>Il convient \u00e0 diverses applications exp\u00e9rimentales \u00e0 haute temp\u00e9rature. Il est con\u00e7u pour une utilisation en laboratoire et pour l&rsquo;analyse industrielle. <\/li>\n<li>La vitesse de chauffage ou de refroidissement doit \u00eatre mod\u00e9r\u00e9e et maintenue \u00e0 moins de 4\u00b0C par minute, avec une attention particuli\u00e8re pour les grands creusets.<\/li>\n<li>Le paquet comprend : 1 pi\u00e8ce\/paquet<\/li>\n<\/ul>\n","protected":false},"featured_media":34435,"comment_status":"open","ping_status":"closed","template":"","meta":[],"product_brand":[],"product_cat":[1384,1383],"product_tag":[],"class_list":{"0":"post-38279","1":"product","2":"type-product","3":"status-publish","4":"has-post-thumbnail","6":"product_cat-creusets-de-magnesie","7":"product_cat-creusets-et-bateaux","9":"first","10":"instock","11":"shipping-taxable","12":"purchasable","13":"product-type-simple"},"_links":{"self":[{"href":"https:\/\/hookelab.com\/fr\/wp-json\/wp\/v2\/product\/38279","targetHints":{"allow":["GET"]}}],"collection":[{"href":"https:\/\/hookelab.com\/fr\/wp-json\/wp\/v2\/product"}],"about":[{"href":"https:\/\/hookelab.com\/fr\/wp-json\/wp\/v2\/types\/product"}],"replies":[{"embeddable":true,"href":"https:\/\/hookelab.com\/fr\/wp-json\/wp\/v2\/comments?post=38279"}],"version-history":[{"count":0,"href":"https:\/\/hookelab.com\/fr\/wp-json\/wp\/v2\/product\/38279\/revisions"}],"wp:featuredmedia":[{"embeddable":true,"href":"https:\/\/hookelab.com\/fr\/wp-json\/wp\/v2\/media\/34435"}],"wp:attachment":[{"href":"https:\/\/hookelab.com\/fr\/wp-json\/wp\/v2\/media?parent=38279"}],"wp:term":[{"taxonomy":"product_brand","embeddable":true,"href":"https:\/\/hookelab.com\/fr\/wp-json\/wp\/v2\/product_brand?post=38279"},{"taxonomy":"product_cat","embeddable":true,"href":"https:\/\/hookelab.com\/fr\/wp-json\/wp\/v2\/product_cat?post=38279"},{"taxonomy":"product_tag","embeddable":true,"href":"https:\/\/hookelab.com\/fr\/wp-json\/wp\/v2\/product_tag?post=38279"}],"curies":[{"name":"wp","href":"https:\/\/api.w.org\/{rel}","templated":true}]}}