{"id":37888,"date":"2026-03-31T04:02:15","date_gmt":"2026-03-31T04:02:15","guid":{"rendered":"https:\/\/hookelab.com\/product\/cellule-a-circulation-pour-la-detection-des-reactions-jgs-1-verre-de-quartz-ocb-resistant-aux-acides-et-aux-alcalis-personnalisable\/"},"modified":"2026-03-31T04:02:15","modified_gmt":"2026-03-31T04:02:15","slug":"cellule-a-circulation-pour-la-detection-des-reactions-jgs-1-verre-de-quartz-ocb-resistant-aux-acides-et-aux-alcalis-personnalisable","status":"publish","type":"product","link":"https:\/\/hookelab.com\/fr\/produit\/cellule-a-circulation-pour-la-detection-des-reactions-jgs-1-verre-de-quartz-ocb-resistant-aux-acides-et-aux-alcalis-personnalisable\/","title":{"rendered":"Cellule \u00e0 circulation pour la d\u00e9tection des r\u00e9actions, JGS-1 Verre de quartz, OCB, r\u00e9sistant aux acides et aux alcalis, personnalisable"},"content":{"rendered":"","protected":false},"excerpt":{"rendered":"<ul>\n<li>Il s&rsquo;agit d&rsquo;une cellule \u00e0 flux de gaine personnalis\u00e9e, fabriqu\u00e9e \u00e0 partir de mat\u00e9riaux et d&rsquo;un traitement de surface conformes \u00e0 la directive RoHS. La surface interne pr\u00e9sente une plan\u00e9it\u00e9 et un parall\u00e9lisme \u00e9quivalents \u00e0 ceux des surfaces externes, ce qui permet d&rsquo;obtenir une pr\u00e9cision exceptionnelle. Avec &gt;90% de transmittance et &lt;5% de variation, des performances optiques constantes sont garanties. En outre, les parois internes lisses sont con\u00e7ues pour minimiser les r\u00e9sidus de liquide.   <\/li>\n<li>Le prix indiqu\u00e9 n&rsquo;est pas le prix r\u00e9el, veuillez vous renseigner avant de passer commande, en envoyant un courrier \u00e0 <a href=\"mailto:sales@hookelab.com\">sales@hookelab.com<\/a>.<\/li>\n<\/ul>\n","protected":false},"featured_media":36371,"comment_status":"open","ping_status":"closed","template":"","meta":[],"product_brand":[],"product_cat":[1365,1351,1354],"product_tag":[],"class_list":{"0":"post-37888","1":"product","2":"type-product","3":"status-publish","4":"has-post-thumbnail","6":"product_cat-cellules-a-flux-tendu-personnalisees","7":"product_cat-cuvettes-et-cellules","8":"product_cat-cuvettes-et-cellules-personnalisees","10":"first","11":"outofstock","12":"shipping-taxable","13":"purchasable","14":"product-type-simple"},"_links":{"self":[{"href":"https:\/\/hookelab.com\/fr\/wp-json\/wp\/v2\/product\/37888","targetHints":{"allow":["GET"]}}],"collection":[{"href":"https:\/\/hookelab.com\/fr\/wp-json\/wp\/v2\/product"}],"about":[{"href":"https:\/\/hookelab.com\/fr\/wp-json\/wp\/v2\/types\/product"}],"replies":[{"embeddable":true,"href":"https:\/\/hookelab.com\/fr\/wp-json\/wp\/v2\/comments?post=37888"}],"version-history":[{"count":0,"href":"https:\/\/hookelab.com\/fr\/wp-json\/wp\/v2\/product\/37888\/revisions"}],"wp:featuredmedia":[{"embeddable":true,"href":"https:\/\/hookelab.com\/fr\/wp-json\/wp\/v2\/media\/36371"}],"wp:attachment":[{"href":"https:\/\/hookelab.com\/fr\/wp-json\/wp\/v2\/media?parent=37888"}],"wp:term":[{"taxonomy":"product_brand","embeddable":true,"href":"https:\/\/hookelab.com\/fr\/wp-json\/wp\/v2\/product_brand?post=37888"},{"taxonomy":"product_cat","embeddable":true,"href":"https:\/\/hookelab.com\/fr\/wp-json\/wp\/v2\/product_cat?post=37888"},{"taxonomy":"product_tag","embeddable":true,"href":"https:\/\/hookelab.com\/fr\/wp-json\/wp\/v2\/product_tag?post=37888"}],"curies":[{"name":"wp","href":"https:\/\/api.w.org\/{rel}","templated":true}]}}