{"id":37887,"date":"2026-03-31T07:38:57","date_gmt":"2026-03-31T07:38:57","guid":{"rendered":"https:\/\/hookelab.com\/product\/cellule-a-circulation-en-quartz-pour-div-ocb-personnalisable\/"},"modified":"2026-03-31T07:38:57","modified_gmt":"2026-03-31T07:38:57","slug":"cellule-a-circulation-en-quartz-pour-div-ocb-personnalisable","status":"publish","type":"product","link":"https:\/\/hookelab.com\/fr\/produit\/cellule-a-circulation-en-quartz-pour-div-ocb-personnalisable\/","title":{"rendered":"Cellule \u00e0 circulation en quartz pour DIV, OCB, personnalisable"},"content":{"rendered":"","protected":false},"excerpt":{"rendered":"<ul>\n<li>Cette cellule d&rsquo;\u00e9coulement personnalis\u00e9e, con\u00e7ue pour les \u00e9quipements de DIV, est dot\u00e9e d&rsquo;un processus OCB am\u00e9lior\u00e9 qui offre une r\u00e9sistance aux temp\u00e9ratures \u00e9lev\u00e9es, aux acides et aux alcalis, ainsi qu&rsquo;\u00e0 la corrosion, sans risque de fissuration.<\/li>\n<li>La chambre interne est exempte de zones mortes de nettoyage, ce qui minimise la contamination crois\u00e9e des \u00e9chantillons. R\u00e9utilisable, elle constitue une solution \u00e9cologique et rentable. <\/li>\n<li>Gr\u00e2ce \u00e0 la clart\u00e9 optique des quatre c\u00f4t\u00e9s, la zone de d\u00e9tection pr\u00e9sente un \u00e9tat de surface de Ra0,005. Le canal est exempt d&rsquo;\u00e9caillage des bords, avec une tol\u00e9rance dimensionnelle de \u22640,02 mm. La transmittance UV \u00e0 200 nm est \u226580%, et l&rsquo;\u00e9caillage des bords est contr\u00f4l\u00e9 \u00e0 moins de 0,03 mm.  <\/li>\n<li>Le prix indiqu\u00e9 n&rsquo;est pas le prix r\u00e9el, veuillez vous renseigner avant de passer commande, en envoyant un courrier \u00e0 <a href=\"mailto:sales@hookelab.com\">sales@hookelab.com<\/a>.<\/li>\n<\/ul>\n","protected":false},"featured_media":36384,"comment_status":"open","ping_status":"closed","template":"","meta":[],"product_brand":[],"product_cat":[1365,1351,1354],"product_tag":[],"class_list":{"0":"post-37887","1":"product","2":"type-product","3":"status-publish","4":"has-post-thumbnail","6":"product_cat-cellules-a-flux-tendu-personnalisees","7":"product_cat-cuvettes-et-cellules","8":"product_cat-cuvettes-et-cellules-personnalisees","10":"first","11":"outofstock","12":"shipping-taxable","13":"purchasable","14":"product-type-simple"},"_links":{"self":[{"href":"https:\/\/hookelab.com\/fr\/wp-json\/wp\/v2\/product\/37887","targetHints":{"allow":["GET"]}}],"collection":[{"href":"https:\/\/hookelab.com\/fr\/wp-json\/wp\/v2\/product"}],"about":[{"href":"https:\/\/hookelab.com\/fr\/wp-json\/wp\/v2\/types\/product"}],"replies":[{"embeddable":true,"href":"https:\/\/hookelab.com\/fr\/wp-json\/wp\/v2\/comments?post=37887"}],"version-history":[{"count":0,"href":"https:\/\/hookelab.com\/fr\/wp-json\/wp\/v2\/product\/37887\/revisions"}],"wp:featuredmedia":[{"embeddable":true,"href":"https:\/\/hookelab.com\/fr\/wp-json\/wp\/v2\/media\/36384"}],"wp:attachment":[{"href":"https:\/\/hookelab.com\/fr\/wp-json\/wp\/v2\/media?parent=37887"}],"wp:term":[{"taxonomy":"product_brand","embeddable":true,"href":"https:\/\/hookelab.com\/fr\/wp-json\/wp\/v2\/product_brand?post=37887"},{"taxonomy":"product_cat","embeddable":true,"href":"https:\/\/hookelab.com\/fr\/wp-json\/wp\/v2\/product_cat?post=37887"},{"taxonomy":"product_tag","embeddable":true,"href":"https:\/\/hookelab.com\/fr\/wp-json\/wp\/v2\/product_tag?post=37887"}],"curies":[{"name":"wp","href":"https:\/\/api.w.org\/{rel}","templated":true}]}}