{"id":37859,"date":"2026-03-31T03:56:38","date_gmt":"2026-03-31T03:56:38","guid":{"rendered":"https:\/\/hookelab.com\/product\/cuvette-a-ecoulement-en-quartz-pour-photometre-a-fluorescence-uv-vis-ocb-performance-decoulement-superieure\/"},"modified":"2026-03-31T03:56:38","modified_gmt":"2026-03-31T03:56:38","slug":"cuvette-a-ecoulement-en-quartz-pour-photometre-a-fluorescence-uv-vis-ocb-performance-decoulement-superieure","status":"publish","type":"product","link":"https:\/\/hookelab.com\/fr\/produit\/cuvette-a-ecoulement-en-quartz-pour-photometre-a-fluorescence-uv-vis-ocb-performance-decoulement-superieure\/","title":{"rendered":"Cuvette \u00e0 \u00e9coulement en quartz pour photom\u00e8tre \u00e0 fluorescence UV-Vis, OCB, performance d&rsquo;\u00e9coulement sup\u00e9rieure"},"content":{"rendered":"","protected":false},"excerpt":{"rendered":"<ul>\n<li>Cette cellule d&rsquo;\u00e9coulement personnalis\u00e9e est fabriqu\u00e9e en verre de quartz JGS-1, 4 fen\u00eatres transparentes,<\/li>\n<li>Le prix indiqu\u00e9 n&rsquo;est pas le prix r\u00e9el, veuillez vous renseigner avant de passer commande, en envoyant un courrier \u00e0 <a href=\"mailto:sales@hookelab.com\">sales@hookelab.com<\/a>.<\/li>\n<\/ul>\n","protected":false},"featured_media":36366,"comment_status":"open","ping_status":"closed","template":"","meta":[],"product_brand":[],"product_cat":[1365,1351,1354],"product_tag":[],"class_list":{"0":"post-37859","1":"product","2":"type-product","3":"status-publish","4":"has-post-thumbnail","6":"product_cat-cellules-a-flux-tendu-personnalisees","7":"product_cat-cuvettes-et-cellules","8":"product_cat-cuvettes-et-cellules-personnalisees","10":"first","11":"outofstock","12":"shipping-taxable","13":"purchasable","14":"product-type-simple"},"_links":{"self":[{"href":"https:\/\/hookelab.com\/fr\/wp-json\/wp\/v2\/product\/37859","targetHints":{"allow":["GET"]}}],"collection":[{"href":"https:\/\/hookelab.com\/fr\/wp-json\/wp\/v2\/product"}],"about":[{"href":"https:\/\/hookelab.com\/fr\/wp-json\/wp\/v2\/types\/product"}],"replies":[{"embeddable":true,"href":"https:\/\/hookelab.com\/fr\/wp-json\/wp\/v2\/comments?post=37859"}],"version-history":[{"count":0,"href":"https:\/\/hookelab.com\/fr\/wp-json\/wp\/v2\/product\/37859\/revisions"}],"wp:featuredmedia":[{"embeddable":true,"href":"https:\/\/hookelab.com\/fr\/wp-json\/wp\/v2\/media\/36366"}],"wp:attachment":[{"href":"https:\/\/hookelab.com\/fr\/wp-json\/wp\/v2\/media?parent=37859"}],"wp:term":[{"taxonomy":"product_brand","embeddable":true,"href":"https:\/\/hookelab.com\/fr\/wp-json\/wp\/v2\/product_brand?post=37859"},{"taxonomy":"product_cat","embeddable":true,"href":"https:\/\/hookelab.com\/fr\/wp-json\/wp\/v2\/product_cat?post=37859"},{"taxonomy":"product_tag","embeddable":true,"href":"https:\/\/hookelab.com\/fr\/wp-json\/wp\/v2\/product_tag?post=37859"}],"curies":[{"name":"wp","href":"https:\/\/api.w.org\/{rel}","templated":true}]}}