{"id":37817,"date":"2026-03-30T10:16:19","date_gmt":"2026-03-30T10:16:19","guid":{"rendered":"https:\/\/hookelab.com\/product\/cellule-a-ecoulement-en-gaine-de-qualite-recherche-pour-analyseurs-de-cellules-personnalisable\/"},"modified":"2026-03-30T10:16:19","modified_gmt":"2026-03-30T10:16:19","slug":"cellule-a-ecoulement-en-gaine-de-qualite-recherche-pour-analyseurs-de-cellules-personnalisable","status":"publish","type":"product","link":"https:\/\/hookelab.com\/fr\/produit\/cellule-a-ecoulement-en-gaine-de-qualite-recherche-pour-analyseurs-de-cellules-personnalisable\/","title":{"rendered":"Cellule \u00e0 \u00e9coulement en gaine de qualit\u00e9 recherche, pour analyseurs de cellules, personnalisable"},"content":{"rendered":"","protected":false},"excerpt":{"rendered":"<ul>\n<li>Il s&rsquo;agit d&rsquo;une cellule \u00e0 flux de gaine personnalis\u00e9e, fabriqu\u00e9e \u00e0 partir de quartz UV,<\/li>\n<li>Le prix indiqu\u00e9 n&rsquo;est pas le prix r\u00e9el, veuillez vous renseigner avant de passer commande, en envoyant un courrier \u00e0 <a href=\"mailto:sales@hookelab.com\">sales@hookelab.com<\/a>.<\/li>\n<\/ul>\n","protected":false},"featured_media":36293,"comment_status":"open","ping_status":"closed","template":"","meta":[],"product_brand":[],"product_cat":[1365,1351,1354],"product_tag":[],"class_list":{"0":"post-37817","1":"product","2":"type-product","3":"status-publish","4":"has-post-thumbnail","6":"product_cat-cellules-a-flux-tendu-personnalisees","7":"product_cat-cuvettes-et-cellules","8":"product_cat-cuvettes-et-cellules-personnalisees","10":"first","11":"outofstock","12":"shipping-taxable","13":"purchasable","14":"product-type-simple"},"_links":{"self":[{"href":"https:\/\/hookelab.com\/fr\/wp-json\/wp\/v2\/product\/37817","targetHints":{"allow":["GET"]}}],"collection":[{"href":"https:\/\/hookelab.com\/fr\/wp-json\/wp\/v2\/product"}],"about":[{"href":"https:\/\/hookelab.com\/fr\/wp-json\/wp\/v2\/types\/product"}],"replies":[{"embeddable":true,"href":"https:\/\/hookelab.com\/fr\/wp-json\/wp\/v2\/comments?post=37817"}],"version-history":[{"count":0,"href":"https:\/\/hookelab.com\/fr\/wp-json\/wp\/v2\/product\/37817\/revisions"}],"wp:featuredmedia":[{"embeddable":true,"href":"https:\/\/hookelab.com\/fr\/wp-json\/wp\/v2\/media\/36293"}],"wp:attachment":[{"href":"https:\/\/hookelab.com\/fr\/wp-json\/wp\/v2\/media?parent=37817"}],"wp:term":[{"taxonomy":"product_brand","embeddable":true,"href":"https:\/\/hookelab.com\/fr\/wp-json\/wp\/v2\/product_brand?post=37817"},{"taxonomy":"product_cat","embeddable":true,"href":"https:\/\/hookelab.com\/fr\/wp-json\/wp\/v2\/product_cat?post=37817"},{"taxonomy":"product_tag","embeddable":true,"href":"https:\/\/hookelab.com\/fr\/wp-json\/wp\/v2\/product_tag?post=37817"}],"curies":[{"name":"wp","href":"https:\/\/api.w.org\/{rel}","templated":true}]}}