{"id":37649,"date":"2025-04-22T03:07:13","date_gmt":"2025-04-22T03:07:13","guid":{"rendered":"https:\/\/hookelab.com\/product\/plaquette-disque-de-quartz-ir-10mm-70mm-personnalisable\/"},"modified":"2025-04-22T03:07:13","modified_gmt":"2025-04-22T03:07:13","slug":"plaquette-disque-de-quartz-ir-10mm-70mm-personnalisable","status":"publish","type":"product","link":"https:\/\/hookelab.com\/fr\/produit\/plaquette-disque-de-quartz-ir-10mm-70mm-personnalisable\/","title":{"rendered":"Plaquette\/disque de quartz IR, 10mm-70mm, personnalisable"},"content":{"rendered":"","protected":false},"excerpt":{"rendered":"<p>Ces plaques en verre optique sont fabriqu\u00e9es \u00e0 partir de verre optique K9, qui offre une clart\u00e9 optique et une durabilit\u00e9 exceptionnelles.<\/p>\n","protected":false},"featured_media":35719,"comment_status":"open","ping_status":"closed","template":"","meta":[],"product_brand":[],"product_cat":[1377,1370],"product_tag":[],"class_list":{"0":"post-37649","1":"product","2":"type-product","3":"status-publish","4":"has-post-thumbnail","6":"product_cat-feuilles-de-verre-optique-k9","7":"product_cat-feuilles-de-verre-quartz-k9","9":"first","10":"instock","11":"shipping-taxable","12":"purchasable","13":"product-type-variable"},"_links":{"self":[{"href":"https:\/\/hookelab.com\/fr\/wp-json\/wp\/v2\/product\/37649","targetHints":{"allow":["GET"]}}],"collection":[{"href":"https:\/\/hookelab.com\/fr\/wp-json\/wp\/v2\/product"}],"about":[{"href":"https:\/\/hookelab.com\/fr\/wp-json\/wp\/v2\/types\/product"}],"replies":[{"embeddable":true,"href":"https:\/\/hookelab.com\/fr\/wp-json\/wp\/v2\/comments?post=37649"}],"version-history":[{"count":0,"href":"https:\/\/hookelab.com\/fr\/wp-json\/wp\/v2\/product\/37649\/revisions"}],"wp:featuredmedia":[{"embeddable":true,"href":"https:\/\/hookelab.com\/fr\/wp-json\/wp\/v2\/media\/35719"}],"wp:attachment":[{"href":"https:\/\/hookelab.com\/fr\/wp-json\/wp\/v2\/media?parent=37649"}],"wp:term":[{"taxonomy":"product_brand","embeddable":true,"href":"https:\/\/hookelab.com\/fr\/wp-json\/wp\/v2\/product_brand?post=37649"},{"taxonomy":"product_cat","embeddable":true,"href":"https:\/\/hookelab.com\/fr\/wp-json\/wp\/v2\/product_cat?post=37649"},{"taxonomy":"product_tag","embeddable":true,"href":"https:\/\/hookelab.com\/fr\/wp-json\/wp\/v2\/product_tag?post=37649"}],"curies":[{"name":"wp","href":"https:\/\/api.w.org\/{rel}","templated":true}]}}