{"id":37447,"date":"2025-04-19T13:35:21","date_gmt":"2025-04-19T13:35:21","guid":{"rendered":"https:\/\/hookelab.com\/product\/porte-objet-en-verre-quartz-uv-rainure-de-haute-precision-personnalisable\/"},"modified":"2025-04-19T13:35:21","modified_gmt":"2025-04-19T13:35:21","slug":"porte-objet-en-verre-quartz-uv-rainure-de-haute-precision-personnalisable","status":"publish","type":"product","link":"https:\/\/hookelab.com\/fr\/produit\/porte-objet-en-verre-quartz-uv-rainure-de-haute-precision-personnalisable\/","title":{"rendered":"Porte-objet en verre quartz UV rainur\u00e9 de haute pr\u00e9cision, personnalisable"},"content":{"rendered":"\t\t\t<link rel=\"stylesheet\" id=\"elementor-post-37191-css\" href=\"https:\/\/hookelab.com\/wp-content\/uploads\/elementor\/css\/post-37191.css?ver=1776446248\" type=\"text\/css\" media=\"all\">\r\n\t\t\t\t\t<div data-elementor-type=\"wp-post\" data-elementor-id=\"37191\" class=\"elementor elementor-37191 elementor-35590\">\n\t\t\t\t<div class=\"wd-negative-gap elementor-element elementor-element-212cd0f e-grid e-con-boxed e-con e-parent\" data-id=\"212cd0f\" data-element_type=\"container\" data-e-type=\"container\">\n\t\t\t\t\t<div class=\"e-con-inner\">\n\t\t\t\t<div class=\"elementor-element elementor-element-14dd597 elementor-widget elementor-widget-wd_text_block\" data-id=\"14dd597\" data-element_type=\"widget\" data-e-type=\"widget\" data-widget_type=\"wd_text_block.default\">\n\t\t\t\t<div class=\"elementor-widget-container\">\n\t\t\t\t\t\t\t<div class=\"wd-text-block reset-last-child text-left\">\r\n\t\t\t\r\n\t\t\t<h2>D\u00e9tails<\/h2><ul><li>Mat\u00e9riau : JGS-1 Quartz UV<\/li><li>Dimensions ext\u00e9rieures (L\u00d7L\u00d7T) : 45\u00d712\u00d71 mm<\/li><li>Profondeur de la rainure : 0,2 mm<\/li><li>Type d'assemblage : Coll\u00e9<\/li><li>Gamme de transmission : 200-2500 nm<\/li><li>Transmittance lumineuse : &gt;80 % (adaptation requise)<\/li><li>Erreur de performance optique de la surface de transmission : \u22640,3%.<\/li><li>Le paquet comprend : 1 pi\u00e8ce\/paquet<\/li><\/ul><p>La cuvette de frittage de poudre peut supporter une temp\u00e9rature de 600\u2103, r\u00e9sister \u00e0 la plupart des solutions acides, alcalines et organiques.<\/p><p>Veuillez nous contacter pour des options personnalis\u00e9es si vous avez besoin de cellules avec un processus de production coll\u00e9 ou OCB.<\/p>\r\n\t\t\t\t\t<\/div>\r\n\t\t\t\t\t\t<\/div>\n\t\t\t\t<\/div>\n\t\t\t\t<div class=\"elementor-element elementor-element-67cc5cc elementor-widget elementor-widget-wd_image_or_svg\" data-id=\"67cc5cc\" data-element_type=\"widget\" data-e-type=\"widget\" data-widget_type=\"wd_image_or_svg.default\">\n\t\t\t\t<div class=\"elementor-widget-container\">\n\t\t\t\t\t\r\n\t\t<div class=\"wd-image text-left\">\r\n\t\t\t\t\t\t\t\t<img fetchpriority=\"high\" decoding=\"async\" width=\"800\" height=\"914\" src=\"https:\/\/hookelab.com\/wp-content\/uploads\/2025\/04\/High-Precision-Grooved-UV-Quartz-Glass-Slide-Customizable-02.jpg\" class=\"attachment-full size-full\" alt=\"High-Precision-Grooved-UV-Quartz-Glass-Slide,-Customizable-02\" srcset=\"https:\/\/hookelab.com\/wp-content\/uploads\/2025\/04\/High-Precision-Grooved-UV-Quartz-Glass-Slide-Customizable-02.jpg 800w, https:\/\/hookelab.com\/wp-content\/uploads\/2025\/04\/High-Precision-Grooved-UV-Quartz-Glass-Slide-Customizable-02-263x300.jpg 263w, https:\/\/hookelab.com\/wp-content\/uploads\/2025\/04\/High-Precision-Grooved-UV-Quartz-Glass-Slide-Customizable-02-700x800.jpg 700w, https:\/\/hookelab.com\/wp-content\/uploads\/2025\/04\/High-Precision-Grooved-UV-Quartz-Glass-Slide-Customizable-02-768x877.jpg 768w, https:\/\/hookelab.com\/wp-content\/uploads\/2025\/04\/High-Precision-Grooved-UV-Quartz-Glass-Slide-Customizable-02-430x491.jpg 430w, https:\/\/hookelab.com\/wp-content\/uploads\/2025\/04\/High-Precision-Grooved-UV-Quartz-Glass-Slide-Customizable-02-150x171.jpg 150w\" sizes=\"(max-width: 800px) 100vw, 800px\" \/>\t\t\t\t\t<\/div>\r\n\r\n\t\t\t\t\t\t<\/div>\n\t\t\t\t<\/div>\n\t\t\t\t<div class=\"elementor-element elementor-element-cbad90b elementor-widget elementor-widget-wd_image_or_svg\" data-id=\"cbad90b\" data-element_type=\"widget\" data-e-type=\"widget\" data-widget_type=\"wd_image_or_svg.default\">\n\t\t\t\t<div class=\"elementor-widget-container\">\n\t\t\t\t\t\r\n\t\t<div class=\"wd-image text-left\">\r\n\t\t\t\t\t\t\t\t<img decoding=\"async\" width=\"603\" height=\"690\" src=\"https:\/\/hookelab.com\/wp-content\/uploads\/2025\/04\/High-Precision-Grooved-UV-Quartz-Glass-Slide-Customizable-03.jpg\" class=\"attachment-full size-full\" alt=\"High-Precision-Grooved-UV-Quartz-Glass-Slide,-Customizable-03\" srcset=\"https:\/\/hookelab.com\/wp-content\/uploads\/2025\/04\/High-Precision-Grooved-UV-Quartz-Glass-Slide-Customizable-03.jpg 603w, https:\/\/hookelab.com\/wp-content\/uploads\/2025\/04\/High-Precision-Grooved-UV-Quartz-Glass-Slide-Customizable-03-262x300.jpg 262w, https:\/\/hookelab.com\/wp-content\/uploads\/2025\/04\/High-Precision-Grooved-UV-Quartz-Glass-Slide-Customizable-03-430x492.jpg 430w, https:\/\/hookelab.com\/wp-content\/uploads\/2025\/04\/High-Precision-Grooved-UV-Quartz-Glass-Slide-Customizable-03-150x172.jpg 150w\" sizes=\"(max-width: 603px) 100vw, 603px\" \/>\t\t\t\t\t<\/div>\r\n\r\n\t\t\t\t\t\t<\/div>\n\t\t\t\t<\/div>\n\t\t\t\t\t<\/div>\n\t\t\t\t<\/div>\n\t\t\t\t<\/div>\n\t\t\n","protected":false},"excerpt":{"rendered":"","protected":false},"featured_media":35587,"comment_status":"open","ping_status":"closed","template":"","meta":[],"product_brand":[],"product_cat":[1371,1370],"product_tag":[],"class_list":{"0":"post-37447","1":"product","2":"type-product","3":"status-publish","4":"has-post-thumbnail","6":"product_cat-feuilles-de-quartz-uv","7":"product_cat-feuilles-de-verre-quartz-k9","9":"first","10":"instock","11":"shipping-taxable","12":"purchasable","13":"product-type-simple"},"_links":{"self":[{"href":"https:\/\/hookelab.com\/fr\/wp-json\/wp\/v2\/product\/37447","targetHints":{"allow":["GET"]}}],"collection":[{"href":"https:\/\/hookelab.com\/fr\/wp-json\/wp\/v2\/product"}],"about":[{"href":"https:\/\/hookelab.com\/fr\/wp-json\/wp\/v2\/types\/product"}],"replies":[{"embeddable":true,"href":"https:\/\/hookelab.com\/fr\/wp-json\/wp\/v2\/comments?post=37447"}],"version-history":[{"count":0,"href":"https:\/\/hookelab.com\/fr\/wp-json\/wp\/v2\/product\/37447\/revisions"}],"wp:featuredmedia":[{"embeddable":true,"href":"https:\/\/hookelab.com\/fr\/wp-json\/wp\/v2\/media\/35587"}],"wp:attachment":[{"href":"https:\/\/hookelab.com\/fr\/wp-json\/wp\/v2\/media?parent=37447"}],"wp:term":[{"taxonomy":"product_brand","embeddable":true,"href":"https:\/\/hookelab.com\/fr\/wp-json\/wp\/v2\/product_brand?post=37447"},{"taxonomy":"product_cat","embeddable":true,"href":"https:\/\/hookelab.com\/fr\/wp-json\/wp\/v2\/product_cat?post=37447"},{"taxonomy":"product_tag","embeddable":true,"href":"https:\/\/hookelab.com\/fr\/wp-json\/wp\/v2\/product_tag?post=37447"}],"curies":[{"name":"wp","href":"https:\/\/api.w.org\/{rel}","templated":true}]}}