{"id":37400,"date":"2025-04-22T02:37:41","date_gmt":"2025-04-22T02:37:41","guid":{"rendered":"https:\/\/hookelab.com\/product\/lames-de-quartz-carrees-10mm-60mm-jgs3-ir-transparent-personnalisable\/"},"modified":"2025-04-22T02:37:41","modified_gmt":"2025-04-22T02:37:41","slug":"lames-de-quartz-carrees-10mm-60mm-jgs3-ir-transparent-personnalisable","status":"publish","type":"product","link":"https:\/\/hookelab.com\/fr\/produit\/lames-de-quartz-carrees-10mm-60mm-jgs3-ir-transparent-personnalisable\/","title":{"rendered":"Lames de quartz, carr\u00e9es, 10mm-60mm, JGS3 IR Transparent, personnalisable"},"content":{"rendered":"","protected":false},"excerpt":{"rendered":"<p>Ces plaques de verre quartz sont fabriqu\u00e9es \u00e0 partir de verre quartz IR JGS3 de premi\u00e8re qualit\u00e9, qui offre une clart\u00e9 optique et une durabilit\u00e9 exceptionnelles. Sa large plage de transmission de 260 \u00e0 3500 nm le rend id\u00e9al pour les applications de lumi\u00e8re infrarouge, garantissant des performances \u00e9lev\u00e9es dans les domaines scientifique, industriel et technique. <\/p>\n","protected":false},"featured_media":35629,"comment_status":"open","ping_status":"closed","template":"","meta":[],"product_brand":[],"product_cat":[1372,1370],"product_tag":[],"class_list":{"0":"post-37400","1":"product","2":"type-product","3":"status-publish","4":"has-post-thumbnail","6":"product_cat-feuilles-de-quartz-ir","7":"product_cat-feuilles-de-verre-quartz-k9","9":"first","10":"instock","11":"shipping-taxable","12":"purchasable","13":"product-type-variable"},"_links":{"self":[{"href":"https:\/\/hookelab.com\/fr\/wp-json\/wp\/v2\/product\/37400","targetHints":{"allow":["GET"]}}],"collection":[{"href":"https:\/\/hookelab.com\/fr\/wp-json\/wp\/v2\/product"}],"about":[{"href":"https:\/\/hookelab.com\/fr\/wp-json\/wp\/v2\/types\/product"}],"replies":[{"embeddable":true,"href":"https:\/\/hookelab.com\/fr\/wp-json\/wp\/v2\/comments?post=37400"}],"version-history":[{"count":0,"href":"https:\/\/hookelab.com\/fr\/wp-json\/wp\/v2\/product\/37400\/revisions"}],"wp:featuredmedia":[{"embeddable":true,"href":"https:\/\/hookelab.com\/fr\/wp-json\/wp\/v2\/media\/35629"}],"wp:attachment":[{"href":"https:\/\/hookelab.com\/fr\/wp-json\/wp\/v2\/media?parent=37400"}],"wp:term":[{"taxonomy":"product_brand","embeddable":true,"href":"https:\/\/hookelab.com\/fr\/wp-json\/wp\/v2\/product_brand?post=37400"},{"taxonomy":"product_cat","embeddable":true,"href":"https:\/\/hookelab.com\/fr\/wp-json\/wp\/v2\/product_cat?post=37400"},{"taxonomy":"product_tag","embeddable":true,"href":"https:\/\/hookelab.com\/fr\/wp-json\/wp\/v2\/product_tag?post=37400"}],"curies":[{"name":"wp","href":"https:\/\/api.w.org\/{rel}","templated":true}]}}