{"id":37214,"date":"2026-03-31T08:04:51","date_gmt":"2026-03-31T08:04:51","guid":{"rendered":"https:\/\/hookelab.com\/product\/cellule-a-ecoulement-diffusant-pour-div-2-faces-optiques-transparentes-revetement-externe-disponible-erreur-de-concentricite-0-03mm\/"},"modified":"2026-04-09T03:59:45","modified_gmt":"2026-04-09T03:59:45","slug":"cellule-a-ecoulement-diffusant-pour-div-2-faces-optiques-transparentes-revetement-externe-disponible-erreur-de-concentricite-0-03mm","status":"publish","type":"product","link":"https:\/\/hookelab.com\/fr\/produit\/cellule-a-ecoulement-diffusant-pour-div-2-faces-optiques-transparentes-revetement-externe-disponible-erreur-de-concentricite-0-03mm\/","title":{"rendered":"Cellule \u00e0 \u00e9coulement diffusant, pour DIV, 2 faces optiques transparentes, rev\u00eatement externe disponible, erreur de concentricit\u00e9 &lt;0.03mm"},"content":{"rendered":"","protected":false},"excerpt":{"rendered":"<ul>\n<li>Cette cellule de diffusion personnalis\u00e9e est fabriqu\u00e9e \u00e0 partir de silice optique fondue import\u00e9e de haute qualit\u00e9, en utilisant la technologie OCB am\u00e9lior\u00e9e.<\/li>\n<li>La zone de d\u00e9tection pr\u00e9sente un \u00e9tat de surface de Ra0,005. La taille du canal est \u226550\u03bcm avec une tol\u00e9rance dimensionnelle de \u22645\u03bcm. La transmittance UV \u00e0 200nm est \u226580%, et l&rsquo;erreur de concentricit\u00e9 est &lt;0.03mm.<\/li>\n<li>Il peut \u00eatre utilis\u00e9 dans les analyseurs d&rsquo;h\u00e9matologie diff\u00e9rentielle en 5 parties, les analyseurs de cellules mol\u00e9culaires, les cytom\u00e8tres de flux laser, les compteurs de particules et les trieurs de bact\u00e9ries.<\/li>\n<li>Le prix indiqu\u00e9 n&rsquo;est pas le prix r\u00e9el, veuillez vous renseigner avant de passer commande, en envoyant un courrier \u00e0 <a href=\"mailto:sales@hookelab.com\">sales@hookelab.com<\/a>.<\/li>\n<\/ul>\n","protected":false},"featured_media":36392,"comment_status":"open","ping_status":"closed","template":"","meta":[],"product_brand":[],"product_cat":[1365,1351,1354],"product_tag":[],"class_list":{"0":"post-37214","1":"product","2":"type-product","3":"status-publish","4":"has-post-thumbnail","6":"product_cat-cellules-a-flux-tendu-personnalisees","7":"product_cat-cuvettes-et-cellules","8":"product_cat-cuvettes-et-cellules-personnalisees","10":"first","11":"outofstock","12":"shipping-taxable","13":"purchasable","14":"product-type-simple"},"_links":{"self":[{"href":"https:\/\/hookelab.com\/fr\/wp-json\/wp\/v2\/product\/37214","targetHints":{"allow":["GET"]}}],"collection":[{"href":"https:\/\/hookelab.com\/fr\/wp-json\/wp\/v2\/product"}],"about":[{"href":"https:\/\/hookelab.com\/fr\/wp-json\/wp\/v2\/types\/product"}],"replies":[{"embeddable":true,"href":"https:\/\/hookelab.com\/fr\/wp-json\/wp\/v2\/comments?post=37214"}],"version-history":[{"count":1,"href":"https:\/\/hookelab.com\/fr\/wp-json\/wp\/v2\/product\/37214\/revisions"}],"predecessor-version":[{"id":37234,"href":"https:\/\/hookelab.com\/fr\/wp-json\/wp\/v2\/product\/37214\/revisions\/37234"}],"wp:featuredmedia":[{"embeddable":true,"href":"https:\/\/hookelab.com\/fr\/wp-json\/wp\/v2\/media\/36392"}],"wp:attachment":[{"href":"https:\/\/hookelab.com\/fr\/wp-json\/wp\/v2\/media?parent=37214"}],"wp:term":[{"taxonomy":"product_brand","embeddable":true,"href":"https:\/\/hookelab.com\/fr\/wp-json\/wp\/v2\/product_brand?post=37214"},{"taxonomy":"product_cat","embeddable":true,"href":"https:\/\/hookelab.com\/fr\/wp-json\/wp\/v2\/product_cat?post=37214"},{"taxonomy":"product_tag","embeddable":true,"href":"https:\/\/hookelab.com\/fr\/wp-json\/wp\/v2\/product_tag?post=37214"}],"curies":[{"name":"wp","href":"https:\/\/api.w.org\/{rel}","templated":true}]}}