{"id":36831,"date":"2026-04-06T09:03:52","date_gmt":"2026-04-06T09:03:52","guid":{"rendered":"https:\/\/hookelab.com\/product\/cellule-a-vide-carree-etancheite-verre-optique-transmission-90-personnalisable\/"},"modified":"2026-04-06T09:03:52","modified_gmt":"2026-04-06T09:03:52","slug":"cellule-a-vide-carree-etancheite-verre-optique-transmission-90-personnalisable","status":"publish","type":"product","link":"https:\/\/hookelab.com\/fr\/produit\/cellule-a-vide-carree-etancheite-verre-optique-transmission-90-personnalisable\/","title":{"rendered":"Cellule \u00e0 vide carr\u00e9e, \u00e9tanch\u00e9it\u00e9, verre optique, transmission 90%, personnalisable"},"content":{"rendered":"","protected":false},"excerpt":{"rendered":"<ul>\n<li>Nous pouvons personnaliser et fabriquer des cellules \u00e0 vide carr\u00e9es dans diff\u00e9rentes tailles et sp\u00e9cifications,<\/li>\n<li>Le prix indiqu\u00e9 n&rsquo;est pas le prix r\u00e9el, veuillez vous renseigner avant de passer commande, en envoyant un courrier \u00e0 <a href=\"mailto:sales@hookelab.com\">sales@hookelab.com<\/a>.<\/li>\n<\/ul>\n","protected":false},"featured_media":36504,"comment_status":"open","ping_status":"closed","template":"","meta":[],"product_brand":[],"product_cat":[1362,1351,1354],"product_tag":[],"class_list":{"0":"post-36831","1":"product","2":"type-product","3":"status-publish","4":"has-post-thumbnail","6":"product_cat-cellules-de-vapeur-sous-vide-personnalisees","7":"product_cat-cuvettes-et-cellules","8":"product_cat-cuvettes-et-cellules-personnalisees","10":"first","11":"outofstock","12":"shipping-taxable","13":"purchasable","14":"product-type-simple"},"_links":{"self":[{"href":"https:\/\/hookelab.com\/fr\/wp-json\/wp\/v2\/product\/36831","targetHints":{"allow":["GET"]}}],"collection":[{"href":"https:\/\/hookelab.com\/fr\/wp-json\/wp\/v2\/product"}],"about":[{"href":"https:\/\/hookelab.com\/fr\/wp-json\/wp\/v2\/types\/product"}],"replies":[{"embeddable":true,"href":"https:\/\/hookelab.com\/fr\/wp-json\/wp\/v2\/comments?post=36831"}],"version-history":[{"count":0,"href":"https:\/\/hookelab.com\/fr\/wp-json\/wp\/v2\/product\/36831\/revisions"}],"wp:featuredmedia":[{"embeddable":true,"href":"https:\/\/hookelab.com\/fr\/wp-json\/wp\/v2\/media\/36504"}],"wp:attachment":[{"href":"https:\/\/hookelab.com\/fr\/wp-json\/wp\/v2\/media?parent=36831"}],"wp:term":[{"taxonomy":"product_brand","embeddable":true,"href":"https:\/\/hookelab.com\/fr\/wp-json\/wp\/v2\/product_brand?post=36831"},{"taxonomy":"product_cat","embeddable":true,"href":"https:\/\/hookelab.com\/fr\/wp-json\/wp\/v2\/product_cat?post=36831"},{"taxonomy":"product_tag","embeddable":true,"href":"https:\/\/hookelab.com\/fr\/wp-json\/wp\/v2\/product_tag?post=36831"}],"curies":[{"name":"wp","href":"https:\/\/api.w.org\/{rel}","templated":true}]}}