{"id":36718,"date":"2026-04-05T07:14:44","date_gmt":"2026-04-05T07:14:44","guid":{"rendered":"https:\/\/hookelab.com\/product\/cellule-a-vide-cylindrique-d38-x-l200-mm-quartz-ir-et-verre-borosilicate-ocb-personnalisable\/"},"modified":"2026-04-05T07:14:44","modified_gmt":"2026-04-05T07:14:44","slug":"cellule-a-vide-cylindrique-d38-x-l200-mm-quartz-ir-et-verre-borosilicate-ocb-personnalisable","status":"publish","type":"product","link":"https:\/\/hookelab.com\/fr\/produit\/cellule-a-vide-cylindrique-d38-x-l200-mm-quartz-ir-et-verre-borosilicate-ocb-personnalisable\/","title":{"rendered":"Cellule \u00e0 vide cylindrique, D38 \u00d7 L200 mm, quartz IR et verre borosilicat\u00e9, OCB, personnalisable"},"content":{"rendered":"","protected":false},"excerpt":{"rendered":"<ul>\n<li>Nous pouvons personnaliser et fabriquer des cellules \u00e0 vide IR cylindriques dans diff\u00e9rentes tailles et sp\u00e9cifications.<\/li>\n<li>Le prix indiqu\u00e9 n&rsquo;est pas le prix r\u00e9el, veuillez vous renseigner avant de passer commande, en envoyant un courrier \u00e0 <a href=\"mailto:sales@hookelab.com\">sales@hookelab.com<\/a>.<\/li>\n<\/ul>\n","protected":false},"featured_media":36444,"comment_status":"open","ping_status":"closed","template":"","meta":[],"product_brand":[],"product_cat":[1356,1351,1354],"product_tag":[],"class_list":{"0":"post-36718","1":"product","2":"type-product","3":"status-publish","4":"has-post-thumbnail","6":"product_cat-chambre-de-pulverisation-personnalisee","7":"product_cat-cuvettes-et-cellules","8":"product_cat-cuvettes-et-cellules-personnalisees","10":"first","11":"outofstock","12":"shipping-taxable","13":"purchasable","14":"product-type-simple"},"_links":{"self":[{"href":"https:\/\/hookelab.com\/fr\/wp-json\/wp\/v2\/product\/36718","targetHints":{"allow":["GET"]}}],"collection":[{"href":"https:\/\/hookelab.com\/fr\/wp-json\/wp\/v2\/product"}],"about":[{"href":"https:\/\/hookelab.com\/fr\/wp-json\/wp\/v2\/types\/product"}],"replies":[{"embeddable":true,"href":"https:\/\/hookelab.com\/fr\/wp-json\/wp\/v2\/comments?post=36718"}],"version-history":[{"count":0,"href":"https:\/\/hookelab.com\/fr\/wp-json\/wp\/v2\/product\/36718\/revisions"}],"wp:featuredmedia":[{"embeddable":true,"href":"https:\/\/hookelab.com\/fr\/wp-json\/wp\/v2\/media\/36444"}],"wp:attachment":[{"href":"https:\/\/hookelab.com\/fr\/wp-json\/wp\/v2\/media?parent=36718"}],"wp:term":[{"taxonomy":"product_brand","embeddable":true,"href":"https:\/\/hookelab.com\/fr\/wp-json\/wp\/v2\/product_brand?post=36718"},{"taxonomy":"product_cat","embeddable":true,"href":"https:\/\/hookelab.com\/fr\/wp-json\/wp\/v2\/product_cat?post=36718"},{"taxonomy":"product_tag","embeddable":true,"href":"https:\/\/hookelab.com\/fr\/wp-json\/wp\/v2\/product_tag?post=36718"}],"curies":[{"name":"wp","href":"https:\/\/api.w.org\/{rel}","templated":true}]}}