{"id":36697,"date":"2026-04-05T07:35:07","date_gmt":"2026-04-05T07:35:07","guid":{"rendered":"https:\/\/hookelab.com\/product\/chambre-de-pulverisation-de-type-scott-cyclonique-double-passage-spectrometre-icp-verre-borosilicate-personnalisable\/"},"modified":"2026-04-05T07:35:07","modified_gmt":"2026-04-05T07:35:07","slug":"chambre-de-pulverisation-de-type-scott-cyclonique-double-passage-spectrometre-icp-verre-borosilicate-personnalisable","status":"publish","type":"product","link":"https:\/\/hookelab.com\/fr\/produit\/chambre-de-pulverisation-de-type-scott-cyclonique-double-passage-spectrometre-icp-verre-borosilicate-personnalisable\/","title":{"rendered":"Chambre de pulv\u00e9risation de type Scott, cyclonique, double passage, spectrom\u00e8tre ICP, verre borosilicat\u00e9, personnalisable"},"content":{"rendered":"","protected":false},"excerpt":{"rendered":"<ul>\n<li>Nous pouvons personnaliser et fabriquer des chambres de n\u00e9bulisation dans diff\u00e9rentes tailles et sp\u00e9cifications.<\/li>\n<li>Le prix indiqu\u00e9 n&rsquo;est pas le prix r\u00e9el, veuillez vous renseigner avant de passer commande, en envoyant un courrier \u00e0 <a href=\"mailto:sales@hookelab.com\">sales@hookelab.com<\/a>.<\/li>\n<\/ul>\n","protected":false},"featured_media":36448,"comment_status":"open","ping_status":"closed","template":"","meta":[],"product_brand":[],"product_cat":[1356,1351,1354],"product_tag":[],"class_list":{"0":"post-36697","1":"product","2":"type-product","3":"status-publish","4":"has-post-thumbnail","6":"product_cat-chambre-de-pulverisation-personnalisee","7":"product_cat-cuvettes-et-cellules","8":"product_cat-cuvettes-et-cellules-personnalisees","10":"first","11":"outofstock","12":"shipping-taxable","13":"purchasable","14":"product-type-simple"},"_links":{"self":[{"href":"https:\/\/hookelab.com\/fr\/wp-json\/wp\/v2\/product\/36697","targetHints":{"allow":["GET"]}}],"collection":[{"href":"https:\/\/hookelab.com\/fr\/wp-json\/wp\/v2\/product"}],"about":[{"href":"https:\/\/hookelab.com\/fr\/wp-json\/wp\/v2\/types\/product"}],"replies":[{"embeddable":true,"href":"https:\/\/hookelab.com\/fr\/wp-json\/wp\/v2\/comments?post=36697"}],"version-history":[{"count":0,"href":"https:\/\/hookelab.com\/fr\/wp-json\/wp\/v2\/product\/36697\/revisions"}],"wp:featuredmedia":[{"embeddable":true,"href":"https:\/\/hookelab.com\/fr\/wp-json\/wp\/v2\/media\/36448"}],"wp:attachment":[{"href":"https:\/\/hookelab.com\/fr\/wp-json\/wp\/v2\/media?parent=36697"}],"wp:term":[{"taxonomy":"product_brand","embeddable":true,"href":"https:\/\/hookelab.com\/fr\/wp-json\/wp\/v2\/product_brand?post=36697"},{"taxonomy":"product_cat","embeddable":true,"href":"https:\/\/hookelab.com\/fr\/wp-json\/wp\/v2\/product_cat?post=36697"},{"taxonomy":"product_tag","embeddable":true,"href":"https:\/\/hookelab.com\/fr\/wp-json\/wp\/v2\/product_tag?post=36697"}],"curies":[{"name":"wp","href":"https:\/\/api.w.org\/{rel}","templated":true}]}}