{"id":36608,"date":"2026-04-06T09:31:54","date_gmt":"2026-04-06T09:31:54","guid":{"rendered":"https:\/\/hookelab.com\/product\/nebuliseur-et-chambre-de-nebulisation-torche-icp-torche-a-quartz-haute-tolerance-aux-sels-resistant-a-la-corrosion-acide-et-alcaline-2\/"},"modified":"2026-04-09T03:56:47","modified_gmt":"2026-04-09T03:56:47","slug":"nebuliseur-et-chambre-de-nebulisation-torche-icp-torche-a-quartz-haute-tolerance-aux-sels-resistant-a-la-corrosion-acide-et-alcaline-2","status":"publish","type":"product","link":"https:\/\/hookelab.com\/fr\/produit\/nebuliseur-et-chambre-de-nebulisation-torche-icp-torche-a-quartz-haute-tolerance-aux-sels-resistant-a-la-corrosion-acide-et-alcaline-2\/","title":{"rendered":"N\u00e9buliseur et chambre de n\u00e9bulisation, torche ICP, torche \u00e0 quartz, haute tol\u00e9rance aux sels, r\u00e9sistant \u00e0 la corrosion acide et alcaline."},"content":{"rendered":"","protected":false},"excerpt":{"rendered":"<ul>\n<li>Nous pouvons personnaliser et fabriquer des chambres de n\u00e9bulisation de diff\u00e9rentes tailles et sp\u00e9cifications, adapt\u00e9es \u00e0 l&rsquo;ICP.<\/li>\n<li>La chambre de pulv\u00e9risation est fabriqu\u00e9e en silice fondue de haute qualit\u00e9 et pr\u00e9sente une excellente concentricit\u00e9 entre le tube ext\u00e9rieur, le tube central et le tube int\u00e9rieur avec une tol\u00e9rance de \u22640,1 mm.<\/li>\n<li>La grande douceur de la surface interne am\u00e9liore la sensibilit\u00e9 de l&rsquo;instrument. En fonctionnement, il consomme moins de gaz, \u00e9conomise de l&rsquo;\u00e9nergie, n\u00e9cessite peu d&rsquo;\u00e9nergie et est facile \u00e0 allumer, ce qui permet de g\u00e9n\u00e9rer en continu une flamme plasma stable.<\/li>\n<li>Il r\u00e9siste aux fortes concentrations de sel, ainsi qu&rsquo;aux acides et aux alcalis, et offre une dur\u00e9e de vie exceptionnellement longue.<\/li>\n<li>Le prix indiqu\u00e9 n&rsquo;est pas le prix r\u00e9el, veuillez vous renseigner avant de passer commande, en envoyant un courrier \u00e0 <a href=\"mailto:sales@hookelab.com\">sales@hookelab.com<\/a>.<\/li>\n<\/ul>\n","protected":false},"featured_media":36557,"comment_status":"open","ping_status":"closed","template":"","meta":[],"product_brand":[],"product_cat":[1356,1351,1354],"product_tag":[],"class_list":{"0":"post-36608","1":"product","2":"type-product","3":"status-publish","4":"has-post-thumbnail","6":"product_cat-chambre-de-pulverisation-personnalisee","7":"product_cat-cuvettes-et-cellules","8":"product_cat-cuvettes-et-cellules-personnalisees","10":"first","11":"outofstock","12":"shipping-taxable","13":"purchasable","14":"product-type-simple"},"_links":{"self":[{"href":"https:\/\/hookelab.com\/fr\/wp-json\/wp\/v2\/product\/36608","targetHints":{"allow":["GET"]}}],"collection":[{"href":"https:\/\/hookelab.com\/fr\/wp-json\/wp\/v2\/product"}],"about":[{"href":"https:\/\/hookelab.com\/fr\/wp-json\/wp\/v2\/types\/product"}],"replies":[{"embeddable":true,"href":"https:\/\/hookelab.com\/fr\/wp-json\/wp\/v2\/comments?post=36608"}],"version-history":[{"count":1,"href":"https:\/\/hookelab.com\/fr\/wp-json\/wp\/v2\/product\/36608\/revisions"}],"predecessor-version":[{"id":36648,"href":"https:\/\/hookelab.com\/fr\/wp-json\/wp\/v2\/product\/36608\/revisions\/36648"}],"wp:featuredmedia":[{"embeddable":true,"href":"https:\/\/hookelab.com\/fr\/wp-json\/wp\/v2\/media\/36557"}],"wp:attachment":[{"href":"https:\/\/hookelab.com\/fr\/wp-json\/wp\/v2\/media?parent=36608"}],"wp:term":[{"taxonomy":"product_brand","embeddable":true,"href":"https:\/\/hookelab.com\/fr\/wp-json\/wp\/v2\/product_brand?post=36608"},{"taxonomy":"product_cat","embeddable":true,"href":"https:\/\/hookelab.com\/fr\/wp-json\/wp\/v2\/product_cat?post=36608"},{"taxonomy":"product_tag","embeddable":true,"href":"https:\/\/hookelab.com\/fr\/wp-json\/wp\/v2\/product_tag?post=36608"}],"curies":[{"name":"wp","href":"https:\/\/api.w.org\/{rel}","templated":true}]}}