{"id":50204,"date":"2021-10-12T16:27:24","date_gmt":"2021-10-12T16:27:24","guid":{"rendered":"https:\/\/hookelab.com\/contactez-nous\/"},"modified":"2026-04-09T06:50:13","modified_gmt":"2026-04-09T06:50:13","slug":"contactez-nous","status":"publish","type":"page","link":"https:\/\/hookelab.com\/fr\/contactez-nous\/","title":{"rendered":"Contactez nous"},"content":{"rendered":"\t\t<div data-elementor-type=\"wp-page\" data-elementor-id=\"50204\" class=\"elementor elementor-50204 elementor-4439\">\n\t\t\t\t<div class=\"wd-negative-gap elementor-element elementor-element-5a6cf9f wd-section-stretch e-flex e-con-boxed e-con e-parent\" data-id=\"5a6cf9f\" data-element_type=\"container\" data-e-type=\"container\" data-settings=\"{&quot;background_background&quot;:&quot;classic&quot;}\">\n\t\t\t\t\t<div class=\"e-con-inner\">\n\t\t\t\t<div class=\"elementor-element elementor-element-8a64a2d wd-width-100 elementor-widget elementor-widget-wd_title\" data-id=\"8a64a2d\" data-element_type=\"widget\" data-e-type=\"widget\" data-widget_type=\"wd_title.default\">\n\t\t\t\t<div class=\"elementor-widget-container\">\n\t\t\t\t\t\t\t<div class=\"title-wrapper wd-set-mb reset-last-child wd-title-color-default wd-title-style-default wd-title-size-default text-center\">\r\n\r\n\t\t\t\r\n\t\t\t<div class=\"liner-continer\">\r\n\t\t\t\t<h4 class=\"woodmart-title-container title wd-fontsize-l\">Contactez nous<\/h4> \r\n\t\t\t\t\t\t\t<\/div>\r\n\r\n\t\t\t\t\t\t\t<div class=\"title-after_title reset-last-child wd-fontsize-xs\">\r\n\t\t\t\t\t<p>N'h\u00e9sitez pas \u00e0 utiliser le formulaire ou \u00e0 nous envoyer un courriel.<\/p>\t\t\t\t<\/div>\r\n\t\t\t\t\t<\/div>\r\n\t\t\t\t\t\t<\/div>\n\t\t\t\t<\/div>\n\t\t\t\t\t<\/div>\n\t\t\t\t<\/div>\n\t\t<div class=\"wd-negative-gap elementor-element elementor-element-c9d4313 e-flex e-con-boxed e-con e-parent\" data-id=\"c9d4313\" data-element_type=\"container\" data-e-type=\"container\" data-settings=\"{&quot;background_background&quot;:&quot;classic&quot;}\">\n\t\t\t\t\t<div class=\"e-con-inner\">\n\t\t<div class=\"elementor-element elementor-element-f1cc690 e-con-full e-flex e-con e-child\" data-id=\"f1cc690\" data-element_type=\"container\" data-e-type=\"container\">\n\t\t<div class=\"elementor-element elementor-element-e1f70ba e-con-full e-flex e-con e-child\" data-id=\"e1f70ba\" data-element_type=\"container\" data-e-type=\"container\" data-settings=\"{&quot;background_background&quot;:&quot;classic&quot;}\">\n\t\t\t\t<div class=\"elementor-element elementor-element-621bc23 wd-width-100 elementor-widget elementor-widget-wd_title\" data-id=\"621bc23\" data-element_type=\"widget\" data-e-type=\"widget\" data-widget_type=\"wd_title.default\">\n\t\t\t\t<div class=\"elementor-widget-container\">\n\t\t\t\t\t\t\t<div class=\"title-wrapper wd-set-mb reset-last-child wd-title-color-default wd-title-style-default wd-title-size-default text-left\">\r\n\r\n\t\t\t\t\t\t\t\t\t\t\t<div class=\"title-subtitle subtitle-color-default subtitle-style-default wd-fontsize-xs\">\r\n\t\t\t\t\tINFORMATIONS SUR NOUS\t\t\t\t<\/div>\r\n\t\t\t\r\n\t\t\t<div class=\"liner-continer\">\r\n\t\t\t\t<h4 class=\"woodmart-title-container title wd-fontsize-l\">CONTACTEZ-NOUS POUR TOUTE QUESTION<\/h4> \r\n\t\t\t\t\t\t\t<\/div>\r\n\r\n\t\t\t\t\t<\/div>\r\n\t\t\t\t\t\t<\/div>\n\t\t\t\t<\/div>\n\t\t<div class=\"elementor-element elementor-element-21915ec e-con-full e-flex e-con e-child\" data-id=\"21915ec\" data-element_type=\"container\" data-e-type=\"container\">\n\t\t\t\t<div class=\"elementor-element elementor-element-0e9ae61 wd-cf7 elementor-widget elementor-widget-wd_contact_form_7\" data-id=\"0e9ae61\" data-element_type=\"widget\" data-e-type=\"widget\" data-widget_type=\"wd_contact_form_7.default\">\n\t\t\t\t<div class=\"elementor-widget-container\">\n\t\t\t\t\t\n<div class=\"wpcf7 no-js\" id=\"wpcf7-f50060-o1\" lang=\"fr-FR\" dir=\"ltr\" data-wpcf7-id=\"50060\">\n<div class=\"screen-reader-response\"><p role=\"status\" aria-live=\"polite\" aria-atomic=\"true\"><\/p> <ul><\/ul><\/div>\n<form action=\"\/fr\/wp-json\/wp\/v2\/pages\/50204#wpcf7-f50060-o1\" method=\"post\" class=\"wpcf7-form init\" aria-label=\"Formulaire de contact\" novalidate=\"novalidate\" data-status=\"init\">\n<fieldset class=\"hidden-fields-container\"><input type=\"hidden\" name=\"_wpcf7\" value=\"50060\" \/><input type=\"hidden\" name=\"_wpcf7_version\" value=\"6.1.5\" \/><input type=\"hidden\" name=\"_wpcf7_locale\" value=\"fr_FR\" \/><input type=\"hidden\" name=\"_wpcf7_unit_tag\" value=\"wpcf7-f50060-o1\" \/><input type=\"hidden\" name=\"_wpcf7_container_post\" value=\"0\" \/><input type=\"hidden\" name=\"_wpcf7_posted_data_hash\" value=\"\" \/>\n<\/fieldset>\n<div class=\"row\">\n\t<p class=\"col-md-6\"><label>Votre nom<\/label><span class=\"wpcf7-form-control-wrap\" data-name=\"your-name\"><input size=\"40\" maxlength=\"400\" class=\"wpcf7-form-control wpcf7-text wpcf7-validates-as-required\" aria-required=\"true\" aria-invalid=\"false\" value=\"\" type=\"text\" name=\"your-name\" \/><\/span>\n\t<\/p>\n\t<p class=\"col-md-6\"><label>Votre courriel<\/label><span class=\"wpcf7-form-control-wrap\" data-name=\"your-email\"><input size=\"40\" maxlength=\"400\" class=\"wpcf7-form-control wpcf7-email wpcf7-validates-as-required wpcf7-text wpcf7-validates-as-email\" aria-required=\"true\" aria-invalid=\"false\" value=\"\" type=\"email\" name=\"your-email\" \/><\/span>\n\t<\/p>\n<\/div>\n<div class=\"row\">\n\t<p class=\"col-md-6\"><label>Num\u00e9ro de t\u00e9l\u00e9phone<\/label><span class=\"wpcf7-form-control-wrap\" data-name=\"tel-767\"><input size=\"40\" maxlength=\"400\" class=\"wpcf7-form-control wpcf7-tel wpcf7-text wpcf7-validates-as-tel\" aria-invalid=\"false\" value=\"\" type=\"tel\" name=\"tel-767\" \/><\/span>\n\t<\/p>\n\t<p class=\"col-md-6\"><label>Entreprise<\/label><span class=\"wpcf7-form-control-wrap\" data-name=\"text-1\"><input size=\"40\" maxlength=\"400\" class=\"wpcf7-form-control wpcf7-text\" aria-invalid=\"false\" value=\"\" type=\"text\" name=\"text-1\" \/><\/span>\n\t<\/p>\n<\/div>\n<p><label>Votre message<\/label><span class=\"wpcf7-form-control-wrap\" data-name=\"your-message\"><textarea cols=\"40\" rows=\"10\" maxlength=\"2000\" class=\"wpcf7-form-control wpcf7-textarea\" aria-invalid=\"false\" name=\"your-message\"><\/textarea><\/span>\n<\/p>\n<p><input class=\"wpcf7-form-control wpcf7-submit has-spinner btn-color-black\" type=\"submit\" value=\"POSEZ UNE QUESTION\" \/>\n<\/p><p style=\"display: none !important;\" class=\"akismet-fields-container\" data-prefix=\"_wpcf7_ak_\"><label>&#916;<textarea name=\"_wpcf7_ak_hp_textarea\" cols=\"45\" rows=\"8\" maxlength=\"100\"><\/textarea><\/label><input type=\"hidden\" id=\"ak_js_1\" name=\"_wpcf7_ak_js\" value=\"16\"\/><script>document.getElementById( \"ak_js_1\" ).setAttribute( \"value\", ( new Date() ).getTime() );<\/script><\/p><div class=\"wpcf7-response-output\" aria-hidden=\"true\"><\/div>\n<\/form>\n<\/div>\n\t\t\t\t<\/div>\n\t\t\t\t<\/div>\n\t\t\t\t<\/div>\n\t\t\t\t<\/div>\n\t\t\t\t<\/div>\n\t\t<div class=\"elementor-element elementor-element-c533abf e-con-full e-flex e-con e-child\" data-id=\"c533abf\" data-element_type=\"container\" data-e-type=\"container\">\n\t\t<div class=\"elementor-element elementor-element-305b555 e-grid e-con-full e-con e-child\" data-id=\"305b555\" data-element_type=\"container\" data-e-type=\"container\" data-settings=\"{&quot;background_background&quot;:&quot;classic&quot;}\">\n\t\t\t\t<div class=\"elementor-element elementor-element-7f5032f elementor-widget elementor-widget-wd_infobox\" data-id=\"7f5032f\" data-element_type=\"widget\" data-e-type=\"widget\" data-widget_type=\"wd_infobox.default\">\n\t\t\t\t<div class=\"elementor-widget-container\">\n\t\t\t\t\t\t\t<div class=\"info-box-wrapper\">\r\n\t\t\t<div class=\"wd-info-box text-left box-icon-align-left box-style-base color-scheme- wd-items-top\">\r\n\t\t\t\t\t\t\t\t\t<div class=\"box-icon-wrapper  box-with-icon box-icon-simple\">\r\n\t\t\t\t\t\t<div class=\"info-box-icon\">\r\n\t\t\t\t\t\t\t\t\t\t\t\t\t\t\t<img decoding=\"async\" width=\"25\" height=\"25\" src=\"https:\/\/hookelab.com\/wp-content\/uploads\/2025\/04\/Customer-Support-25x25.png\" class=\"attachment-25x25 size-25x25\" alt=\"\" srcset=\"https:\/\/hookelab.com\/wp-content\/uploads\/2025\/04\/Customer-Support-25x25.png 25w, https:\/\/hookelab.com\/wp-content\/uploads\/2025\/04\/Customer-Support-300x300.png 300w, https:\/\/hookelab.com\/wp-content\/uploads\/2025\/04\/Customer-Support-150x150.png 150w, https:\/\/hookelab.com\/wp-content\/uploads\/2025\/04\/Customer-Support-430x430.png 430w, https:\/\/hookelab.com\/wp-content\/uploads\/2025\/04\/Customer-Support-50x50.png 50w, https:\/\/hookelab.com\/wp-content\/uploads\/2025\/04\/Customer-Support-30x30.png 30w, https:\/\/hookelab.com\/wp-content\/uploads\/2025\/04\/Customer-Support-15x15.png 15w, https:\/\/hookelab.com\/wp-content\/uploads\/2025\/04\/Customer-Support.png 531w\" sizes=\"(max-width: 25px) 100vw, 25px\" \/>\t\t\t\t\t\t\t\t\t\t\t\t\t<\/div>\r\n\t\t\t\t\t<\/div>\r\n\t\t\t\t\r\n\t\t\t\t<div class=\"info-box-content\">\r\n\t\t\t\t\t\r\n\t\t\t\t\t\t\t\t\t\t\t<h4\t\t\t\t\t\tclass=\"info-box-title title box-title-style-default wd-fontsize-m\" data-elementor-setting-key=\"title\">\r\n\t\t\t\t\t\t\t\tLocalisation\t\t\t\t\t\t<\/h4>\r\n\t\t\t\t\t\r\n\t\t\t\t\t<div class=\"info-box-inner reset-last-child\"data-elementor-setting-key=\"content\"><p>FLAT 2304, 23\/F HO KING, COMM CENTRE, 2-16 FA YUEN STREET, MONG KOK HONG KONG<\/p>\n<\/div>\r\n\r\n\t\t\t\t\t\t\t\t\t<\/div>\r\n\r\n\t\t\t\t\t\t\t\t\t<a href=\"#\" class=\"wd-info-box-link wd-fill\" aria-label=\"Infobox link\"><\/a>\r\n\t\t\t\t\t\t\t<\/div>\r\n\t\t<\/div>\r\n\t\t\t\t\t\t<\/div>\n\t\t\t\t<\/div>\n\t\t\t\t<div class=\"elementor-element elementor-element-1c7ce38 elementor-widget elementor-widget-wd_infobox\" data-id=\"1c7ce38\" data-element_type=\"widget\" data-e-type=\"widget\" data-widget_type=\"wd_infobox.default\">\n\t\t\t\t<div class=\"elementor-widget-container\">\n\t\t\t\t\t\t\t<div class=\"info-box-wrapper\">\r\n\t\t\t<div class=\"wd-info-box text-left box-icon-align-left box-style-base color-scheme- wd-items-top\">\r\n\t\t\t\t\t\t\t\t\t<div class=\"box-icon-wrapper  box-with-icon box-icon-simple\">\r\n\t\t\t\t\t\t<div class=\"info-box-icon\">\r\n\t\t\t\t\t\t\t\t\t\t\t\t\t\t\t<img decoding=\"async\" width=\"25\" height=\"25\" src=\"https:\/\/hookelab.com\/wp-content\/uploads\/2025\/04\/Customer-Support-25x25.png\" class=\"attachment-25x25 size-25x25\" alt=\"\" srcset=\"https:\/\/hookelab.com\/wp-content\/uploads\/2025\/04\/Customer-Support-25x25.png 25w, https:\/\/hookelab.com\/wp-content\/uploads\/2025\/04\/Customer-Support-300x300.png 300w, https:\/\/hookelab.com\/wp-content\/uploads\/2025\/04\/Customer-Support-150x150.png 150w, https:\/\/hookelab.com\/wp-content\/uploads\/2025\/04\/Customer-Support-430x430.png 430w, https:\/\/hookelab.com\/wp-content\/uploads\/2025\/04\/Customer-Support-50x50.png 50w, https:\/\/hookelab.com\/wp-content\/uploads\/2025\/04\/Customer-Support-30x30.png 30w, https:\/\/hookelab.com\/wp-content\/uploads\/2025\/04\/Customer-Support-15x15.png 15w, https:\/\/hookelab.com\/wp-content\/uploads\/2025\/04\/Customer-Support.png 531w\" sizes=\"(max-width: 25px) 100vw, 25px\" \/>\t\t\t\t\t\t\t\t\t\t\t\t\t<\/div>\r\n\t\t\t\t\t<\/div>\r\n\t\t\t\t\r\n\t\t\t\t<div class=\"info-box-content\">\r\n\t\t\t\t\t\r\n\t\t\t\t\t\t\t\t\t\t\t<h4\t\t\t\t\t\tclass=\"info-box-title title box-title-style-default wd-fontsize-m\" data-elementor-setting-key=\"title\">\r\n\t\t\t\t\t\t\t\tHeures d'ouverture\t\t\t\t\t\t<\/h4>\r\n\t\t\t\t\t\r\n\t\t\t\t\t<div class=\"info-box-inner reset-last-child\"data-elementor-setting-key=\"content\"><p>Mon-Fri : 9:00 am - 6:00 pm (GMT+8)<\/p>\n<p>Samedi : 9h00 - 12h00<\/p>\n<p>Dim : Ferm\u00e9<\/p><\/p>\n<\/div>\r\n\r\n\t\t\t\t\t\t\t\t\t<\/div>\r\n\r\n\t\t\t\t\t\t\t\t\t<a href=\"#\" class=\"wd-info-box-link wd-fill\" aria-label=\"Infobox link\"><\/a>\r\n\t\t\t\t\t\t\t<\/div>\r\n\t\t<\/div>\r\n\t\t\t\t\t\t<\/div>\n\t\t\t\t<\/div>\n\t\t\t\t<div class=\"elementor-element elementor-element-895625c elementor-widget elementor-widget-wd_infobox\" data-id=\"895625c\" data-element_type=\"widget\" data-e-type=\"widget\" data-widget_type=\"wd_infobox.default\">\n\t\t\t\t<div class=\"elementor-widget-container\">\n\t\t\t\t\t\t\t<div class=\"info-box-wrapper\">\r\n\t\t\t<div class=\"wd-info-box text-left box-icon-align-left box-style-base color-scheme- wd-items-top\">\r\n\t\t\t\t\t\t\t\t\t<div class=\"box-icon-wrapper  box-with-icon box-icon-simple\">\r\n\t\t\t\t\t\t<div class=\"info-box-icon\">\r\n\t\t\t\t\t\t\t\t\t\t\t\t\t\t\t<img decoding=\"async\" width=\"25\" height=\"25\" src=\"https:\/\/hookelab.com\/wp-content\/uploads\/2025\/04\/Customer-Support-25x25.png\" class=\"attachment-25x25 size-25x25\" alt=\"\" srcset=\"https:\/\/hookelab.com\/wp-content\/uploads\/2025\/04\/Customer-Support-25x25.png 25w, https:\/\/hookelab.com\/wp-content\/uploads\/2025\/04\/Customer-Support-300x300.png 300w, https:\/\/hookelab.com\/wp-content\/uploads\/2025\/04\/Customer-Support-150x150.png 150w, https:\/\/hookelab.com\/wp-content\/uploads\/2025\/04\/Customer-Support-430x430.png 430w, https:\/\/hookelab.com\/wp-content\/uploads\/2025\/04\/Customer-Support-50x50.png 50w, https:\/\/hookelab.com\/wp-content\/uploads\/2025\/04\/Customer-Support-30x30.png 30w, https:\/\/hookelab.com\/wp-content\/uploads\/2025\/04\/Customer-Support-15x15.png 15w, https:\/\/hookelab.com\/wp-content\/uploads\/2025\/04\/Customer-Support.png 531w\" sizes=\"(max-width: 25px) 100vw, 25px\" \/>\t\t\t\t\t\t\t\t\t\t\t\t\t<\/div>\r\n\t\t\t\t\t<\/div>\r\n\t\t\t\t\r\n\t\t\t\t<div class=\"info-box-content\">\r\n\t\t\t\t\t\r\n\t\t\t\t\t\t\t\t\t\t\t<h4\t\t\t\t\t\tclass=\"info-box-title title box-title-style-default wd-fontsize-m\" data-elementor-setting-key=\"title\">\r\n\t\t\t\t\t\t\t\tCourriel\t\t\t\t\t\t<\/h4>\r\n\t\t\t\t\t\r\n\t\t\t\t\t<div class=\"info-box-inner reset-last-child\"data-elementor-setting-key=\"content\"><p><a href=\"mailto:sales@hookelab.com\">sales@hookelab.com<\/a><\/p>\n<\/div>\r\n\r\n\t\t\t\t\t\t\t\t\t<\/div>\r\n\r\n\t\t\t\t\t\t\t<\/div>\r\n\t\t<\/div>\r\n\t\t\t\t\t\t<\/div>\n\t\t\t\t<\/div>\n\t\t\t\t<div class=\"elementor-element elementor-element-c03d3d7 elementor-widget elementor-widget-wd_infobox\" data-id=\"c03d3d7\" data-element_type=\"widget\" data-e-type=\"widget\" data-widget_type=\"wd_infobox.default\">\n\t\t\t\t<div class=\"elementor-widget-container\">\n\t\t\t\t\t\t\t<div class=\"info-box-wrapper\">\r\n\t\t\t<div class=\"wd-info-box text-left box-icon-align-left box-style-base color-scheme- wd-items-top\">\r\n\t\t\t\t\t\t\t\t\t<div class=\"box-icon-wrapper  box-with-icon box-icon-simple\">\r\n\t\t\t\t\t\t<div class=\"info-box-icon\">\r\n\t\t\t\t\t\t\t\t\t\t\t\t\t\t\t<img decoding=\"async\" width=\"25\" height=\"25\" src=\"https:\/\/hookelab.com\/wp-content\/uploads\/2025\/04\/Customer-Support-25x25.png\" class=\"attachment-25x25 size-25x25\" alt=\"\" srcset=\"https:\/\/hookelab.com\/wp-content\/uploads\/2025\/04\/Customer-Support-25x25.png 25w, https:\/\/hookelab.com\/wp-content\/uploads\/2025\/04\/Customer-Support-300x300.png 300w, https:\/\/hookelab.com\/wp-content\/uploads\/2025\/04\/Customer-Support-150x150.png 150w, https:\/\/hookelab.com\/wp-content\/uploads\/2025\/04\/Customer-Support-430x430.png 430w, https:\/\/hookelab.com\/wp-content\/uploads\/2025\/04\/Customer-Support-50x50.png 50w, https:\/\/hookelab.com\/wp-content\/uploads\/2025\/04\/Customer-Support-30x30.png 30w, https:\/\/hookelab.com\/wp-content\/uploads\/2025\/04\/Customer-Support-15x15.png 15w, https:\/\/hookelab.com\/wp-content\/uploads\/2025\/04\/Customer-Support.png 531w\" sizes=\"(max-width: 25px) 100vw, 25px\" \/>\t\t\t\t\t\t\t\t\t\t\t\t\t<\/div>\r\n\t\t\t\t\t<\/div>\r\n\t\t\t\t\r\n\t\t\t\t<div class=\"info-box-content\">\r\n\t\t\t\t\t\r\n\t\t\t\t\t\t\t\t\t\t\t<h4\t\t\t\t\t\tclass=\"info-box-title title box-title-style-default wd-fontsize-m\" data-elementor-setting-key=\"title\">\r\n\t\t\t\t\t\t\t\tT\u00e9l\u00e9phone\t\t\t\t\t\t<\/h4>\r\n\t\t\t\t\t\r\n\t\t\t\t\t<div class=\"info-box-inner reset-last-child\"data-elementor-setting-key=\"content\"><p>+86-17726360157<\/p>\n<\/div>\r\n\r\n\t\t\t\t\t\t\t\t\t<\/div>\r\n\r\n\t\t\t\t\t\t\t<\/div>\r\n\t\t<\/div>\r\n\t\t\t\t\t\t<\/div>\n\t\t\t\t<\/div>\n\t\t\t\t<\/div>\n\t\t\t\t<\/div>\n\t\t\t\t\t<\/div>\n\t\t\t\t<\/div>\n\t\t\t\t<\/div>\n\t\t","protected":false},"excerpt":{"rendered":"<p>Contactez nous N&rsquo;h\u00e9sitez pas \u00e0 utiliser le formulaire ou \u00e0 nous envoyer un courriel. INFORMATIONS SUR NOUS CONTACTEZ-NOUS POUR TOUTE<\/p>\n","protected":false},"author":1,"featured_media":0,"parent":0,"menu_order":0,"comment_status":"closed","ping_status":"closed","template":"","meta":{"footnotes":""},"class_list":["post-50204","page","type-page","status-publish","hentry"],"_links":{"self":[{"href":"https:\/\/hookelab.com\/fr\/wp-json\/wp\/v2\/pages\/50204","targetHints":{"allow":["GET"]}}],"collection":[{"href":"https:\/\/hookelab.com\/fr\/wp-json\/wp\/v2\/pages"}],"about":[{"href":"https:\/\/hookelab.com\/fr\/wp-json\/wp\/v2\/types\/page"}],"author":[{"embeddable":true,"href":"https:\/\/hookelab.com\/fr\/wp-json\/wp\/v2\/users\/1"}],"replies":[{"embeddable":true,"href":"https:\/\/hookelab.com\/fr\/wp-json\/wp\/v2\/comments?post=50204"}],"version-history":[{"count":2,"href":"https:\/\/hookelab.com\/fr\/wp-json\/wp\/v2\/pages\/50204\/revisions"}],"predecessor-version":[{"id":50211,"href":"https:\/\/hookelab.com\/fr\/wp-json\/wp\/v2\/pages\/50204\/revisions\/50211"}],"wp:attachment":[{"href":"https:\/\/hookelab.com\/fr\/wp-json\/wp\/v2\/media?parent=50204"}],"curies":[{"name":"wp","href":"https:\/\/api.w.org\/{rel}","templated":true}]}}